{"id":13952,"date":"2021-12-15T18:49:01","date_gmt":"2021-12-15T18:49:01","guid":{"rendered":"https:\/\/filmowyplock.pl\/?page_id=13952"},"modified":"2021-12-15T19:01:33","modified_gmt":"2021-12-15T19:01:33","slug":"henryk-kluba","status":"publish","type":"page","link":"https:\/\/filmowyplock.pl\/?page_id=13952","title":{"rendered":"Henryk Kluba"},"content":{"rendered":"<p>[vc_row content_placement=&#8221;middle&#8221; bg_position=&#8221;right bottom&#8221; responsive_css=&#8221;padding_top_medium:70px|padding_bottom_medium:70px|padding_left_medium:4vw&#8221; css=&#8221;.vc_custom_1609873881074{padding-top: 50px !important;padding-bottom: 50px !important;background-position: 0 0 !important;background-repeat: no-repeat !important;}&#8221;][vc_column parallax=&#8221;yes&#8221; width=&#8221;1\/2&#8243; scale_from_x=&#8221;1&#8243; scale_from_y=&#8221;1&#8243; from_opacity=&#8221;1&#8243; scale_to_x=&#8221;1&#8243; scale_to_y=&#8221;1&#8243; to_opacity=&#8221;1&#8243; enable_overlay=&#8221;yes&#8221; bg_position=&#8221;center center&#8221; offset=&#8221;vc_col-md-4&#8243; responsive_css=&#8221;margin_bottom_medium:0px&#8221; css=&#8221;.vc_custom_1638649273200{margin-bottom: 40px !important;background-position: 0 0 !important;background-repeat: no-repeat !important;}&#8221;]<style>@media (min-width: 992px) { .ld_images_group_element_69e1c4b62310b {margin-right:2vw !important; margin-left:-8vw !important;  }  } @media (min-width: 992px) { .ld_images_group_element_69e1c4b62310b {margin-right:2vw !important; margin-left:-8vw !important;  }  } <\/style><div id=\"ld_images_group_element_69e1c4b62310b\" class=\"lqd-imggrp-single ld_images_group_element_69e1c4b62310b\" data-hover3d=\"true\"  >\n\t\n\t<div class=\"lqd-imggrp-img-container\" data-stacking-factor=\"1\"   >\n\t\t\n\t\t\t\t\n\t\t\t\t<figure ><img decoding=\"async\" width=\"1216\" height=\"720\" src=\"https:\/\/filmowyplock.pl\/wp-content\/uploads\/2021\/12\/Jerzy-Skolimowski-Walkower-Legendas-em-PT-BR.00_44_24_17.Still001.png\" class=\"attachment-full size-full\" alt=\"\" srcset=\"https:\/\/filmowyplock.pl\/wp-content\/uploads\/2021\/12\/Jerzy-Skolimowski-Walkower-Legendas-em-PT-BR.00_44_24_17.Still001.png 1216w, https:\/\/filmowyplock.pl\/wp-content\/uploads\/2021\/12\/Jerzy-Skolimowski-Walkower-Legendas-em-PT-BR.00_44_24_17.Still001-300x178.png 300w, https:\/\/filmowyplock.pl\/wp-content\/uploads\/2021\/12\/Jerzy-Skolimowski-Walkower-Legendas-em-PT-BR.00_44_24_17.Still001-1024x606.png 1024w\" sizes=\"(max-width: 1216px) 100vw, 1216px\" itemprop=\"image\" \/><\/figure>\t\t\t\t\t\t\t\t\n\t<\/div><!-- \/.lqd-imggrp-content -->\n<\/div><!-- \/.lqd-imggrp-single -->[vc_separator]<style>@media (min-width: 992px) { .ld_images_group_element_69e1c4b6241d2 {margin-right:2vw !important; margin-left:-8vw !important;  }  } @media (min-width: 992px) { .ld_images_group_element_69e1c4b6241d2 {margin-right:2vw !important; margin-left:-8vw !important;  }  } <\/style><div id=\"ld_images_group_element_69e1c4b6241d2\" class=\"lqd-imggrp-single ld_images_group_element_69e1c4b6241d2\" data-hover3d=\"true\"  >\n\t\n\t<div class=\"lqd-imggrp-img-container\" data-stacking-factor=\"1\"   >\n\t\t\n\t\t\t\t\n\t\t\t\t<figure ><img decoding=\"async\" width=\"1216\" height=\"720\" src=\"data:image\/svg+xml;charset=utf-8,%3Csvg xmlns%3D&#039;http%3A%2F%2Fwww.w3.org%2F2000%2Fsvg&#039; viewBox%3D&#039;0 0 1216 720&#039;%2F%3E\" class=\"attachment-full size-full ld-lazyload\" alt=\"\" itemprop=\"image\" data-src=\"https:\/\/filmowyplock.pl\/wp-content\/uploads\/2021\/12\/Jerzy-Skolimowski-Walkower-Legendas-em-PT-BR.00_53_09_19.Still004.png\" data-srcset=\"https:\/\/filmowyplock.pl\/wp-content\/uploads\/2021\/12\/Jerzy-Skolimowski-Walkower-Legendas-em-PT-BR.00_53_09_19.Still004.png 1216w, https:\/\/filmowyplock.pl\/wp-content\/uploads\/2021\/12\/Jerzy-Skolimowski-Walkower-Legendas-em-PT-BR.00_53_09_19.Still004-300x178.png 300w, https:\/\/filmowyplock.pl\/wp-content\/uploads\/2021\/12\/Jerzy-Skolimowski-Walkower-Legendas-em-PT-BR.00_53_09_19.Still004-1024x606.png 1024w\" data-sizes=\"(max-width: 1216px) 100vw, 1216px\" data-aspect=\"1.6888888888889\" \/><\/figure>\t\t\t\t\t\t\t\t\n\t<\/div><!-- \/.lqd-imggrp-content -->\n<\/div><!-- \/.lqd-imggrp-single -->[vc_separator]<style>@media (min-width: 992px) { .ld_images_group_element_69e1c4b6325db {margin-right:2vw !important; margin-left:-8vw !important;  }  } @media (min-width: 992px) { .ld_images_group_element_69e1c4b6325db {margin-right:2vw !important; margin-left:-8vw !important;  }  } <\/style><div id=\"ld_images_group_element_69e1c4b6325db\" class=\"lqd-imggrp-single ld_images_group_element_69e1c4b6325db\" data-hover3d=\"true\"  >\n\t\n\t<div class=\"lqd-imggrp-img-container\" data-stacking-factor=\"1\"   >\n\t\t\n\t\t\t\t\n\t\t\t\t<figure ><img decoding=\"async\" width=\"850\" height=\"1302\" src=\"data:image\/svg+xml;charset=utf-8,%3Csvg xmlns%3D&#039;http%3A%2F%2Fwww.w3.org%2F2000%2Fsvg&#039; viewBox%3D&#039;0 0 850 1302&#039;%2F%3E\" class=\"attachment-full size-full ld-lazyload\" alt=\"\" itemprop=\"image\" data-src=\"https:\/\/filmowyplock.pl\/wp-content\/uploads\/2021\/12\/DSC0555a-850x1302-1.jpg\" data-srcset=\"https:\/\/filmowyplock.pl\/wp-content\/uploads\/2021\/12\/DSC0555a-850x1302-1.jpg 850w, https:\/\/filmowyplock.pl\/wp-content\/uploads\/2021\/12\/DSC0555a-850x1302-1-196x300.jpg 196w, https:\/\/filmowyplock.pl\/wp-content\/uploads\/2021\/12\/DSC0555a-850x1302-1-669x1024.jpg 669w\" data-sizes=\"(max-width: 850px) 100vw, 850px\" data-aspect=\"0.65284178187404\" \/><\/figure>\t\t\t\t\t\t\t\t\n\t<\/div><!-- \/.lqd-imggrp-content -->\n<\/div><!-- \/.lqd-imggrp-single -->[vc_separator]<style>@media (min-width: 992px) { .ld_images_group_element_69e1c4b63f8a2 {margin-right:2vw !important; margin-left:-8vw !important;  }  } @media (min-width: 992px) { .ld_images_group_element_69e1c4b63f8a2 {margin-right:2vw !important; margin-left:-8vw !important;  }  } <\/style><div id=\"ld_images_group_element_69e1c4b63f8a2\" class=\"lqd-imggrp-single ld_images_group_element_69e1c4b63f8a2\" data-hover3d=\"true\"  >\n\t\n\t<div class=\"lqd-imggrp-img-container\" data-stacking-factor=\"1\"   >\n\t\t\n\t\t\t\t\n\t\t\t\t<figure ><img decoding=\"async\" width=\"1024\" height=\"768\" src=\"data:image\/svg+xml;charset=utf-8,%3Csvg xmlns%3D&#039;http%3A%2F%2Fwww.w3.org%2F2000%2Fsvg&#039; viewBox%3D&#039;0 0 1024 768&#039;%2F%3E\" class=\"attachment-full size-full ld-lazyload\" alt=\"\" itemprop=\"image\" data-src=\"https:\/\/filmowyplock.pl\/wp-content\/uploads\/2021\/12\/20170715_114400_Film3-1024x768-1.jpg\" data-srcset=\"https:\/\/filmowyplock.pl\/wp-content\/uploads\/2021\/12\/20170715_114400_Film3-1024x768-1.jpg 1024w, https:\/\/filmowyplock.pl\/wp-content\/uploads\/2021\/12\/20170715_114400_Film3-1024x768-1-300x225.jpg 300w\" data-sizes=\"(max-width: 1024px) 100vw, 1024px\" data-aspect=\"1.3333333333333\" \/><\/figure>\t\t\t\t\t\t\t\t\n\t<\/div><!-- \/.lqd-imggrp-content -->\n<\/div><!-- \/.lqd-imggrp-single -->[\/vc_column][vc_column width=&#8221;1\/2&#8243;]<style>.ld_spacer_69e1c4b64cf8f{height:100px;}<\/style>\n<div class=\"ld-empty-space ld_spacer_69e1c4b64cf8f\"><\/div><style>.ld_fancy_heading_69e1c4b64d1f1 h2 {margin-bottom:4em !important;  } .ld_fancy_heading_69e1c4b64d1f1 .lqd-highlight-inner{height:0.275em!important;bottom:0px!important;}.ld_fancy_heading_69e1c4b64d1f1 h2 {margin-bottom:4em !important;  } <\/style><div class=\"ld-fancy-heading ld_fancy_heading_69e1c4b64d1f1\">\n\t<h2 class=\"ld-fh-element lqd-highlight-underline lqd-highlight-grow-left text-decoration-default\"   >  Henryk Kluba<\/h2><\/div><style>.ld_fancy_heading_69e1c4b64dc34 h3 {margin-bottom:4em !important;  } .ld_fancy_heading_69e1c4b64dc34 .lqd-highlight-inner{height:0.275em!important;bottom:0px!important;}.ld_fancy_heading_69e1c4b64dc34 h3 {margin-bottom:4em !important;  } <\/style><div class=\"ld-fancy-heading ld_fancy_heading_69e1c4b64dc34\">\n\t<h3 class=\"ld-fh-element lqd-highlight-underline lqd-highlight-grow-left text-decoration-default\"   >  1931-2015<\/h3><\/div>[vc_separator color=&#8221;custom&#8221; accent_color=&#8221;rgba(112,112,112,0.3)&#8221; css=&#8221;.vc_custom_1588697544183{margin-top: 0px !important;margin-bottom: 0.9em !important;}&#8221;]<style>.ld_fancy_heading_69e1c4b64e60a .lqd-highlight-inner{height:0.275em!important;bottom:0px!important;}<\/style><div class=\"ld-fancy-heading ld_fancy_heading_69e1c4b64e60a\">\n\t<p class=\"ld-fh-element lqd-highlight-underline lqd-highlight-grow-left text-decoration-default lqd-split-lines\"   data-split-text=\"true\" data-split-options='{\"type\":\"lines\"}' data-custom-animations=\"true\" data-ca-options='{\"triggerHandler\":\"inview\",\"animationTarget\":\".lqd-lines > .split-inner\",\"duration\":\"1800\",\"delay\":\"80\",\"ease\":\"power4.out\",\"direction\":\"forward\",\"initValues\":{\"opacity\":0},\"animations\":{\"opacity\":1}}'>  Re\u017cyser filmowy, aktor i pedagog. Wieloletni rektor \u0142\u00f3dzkiej szko\u0142y filmowej. Zagra\u0142 w kilku szkolnych filmach Romana Pola\u0144skiego, m.in. w \u201eDw\u00f3ch ludziach z szaf\u0105\u201d, inspirowanych themersonowsk\u0105 \u201ePrzygod\u0105 cz\u0142owieka poczciwego\u201d. Pocz\u0105tkowo by\u0142 asystentem re\u017cysera. Wsp\u00f3\u0142pracowa\u0142 z Jerzym Skolimowskim przy \u2013 realizowanym w P\u0142ocku \u201eWalkowerze\u201d.<\/p>\n<p>Jego filmem dyplomowym by\u0142o \u201eOcalenie\u201d, zrealizowane na podstawie noweli \u201eMorze Sargassa\u201d Aleksandra \u015acibora-Rylskiego, po\u015bwi\u0119cone likwidacji AK-owc\u00f3w przez Urz\u0105d Bezpiecze\u0144stwa.<\/p>\n<p>W 1966 roku debiutowa\u0142 w kinie obrazem \u201eChudy i inni.\u201d Jak wiele \u00f3wczesnych debiut\u00f3w mia\u0142 to by\u0107 klasyczny produkcyjniak, ale Klubie uda\u0142o si\u0119 \u201enakre\u015bli\u0107 prawdziwy psychologicznie portret ludzi, kt\u00f3rzy z przypadkowego zbiorowiska obie\u017cy\u015bwiat\u00f3w i \u0142apserdak\u00f3w staj\u0105 si\u0119 grup\u0105\u201d \u2013 oceniali dzie\u0142o re\u017cysera recenzenci. Nast\u0119pny film &#8211; \u201eS\u0142o\u0144ce wschodzi raz na dzie\u0144\u201d &#8211; uznany s\u0142usznie przez krytyk\u0119 za dzie\u0142o wybitne, trafi\u0142 na 5 lat na p\u00f3\u0142k\u0119. Film jest histori\u0105 instalowania si\u0119 w\u0142adzy ludowej w pierwszych latach PRL-u. Aleksander Jackiewicz napisa\u0142 o tym filmie, \u017ce jest to \u201eballada o rebelii pewnej wsi przeciwko w\u0142adzy ludowej\u201d.<\/p>\n<p>Do P\u0142ocka przyjecha\u0142 w 1965 roku jak asystent Skolimowskiego, aby pom\u00f3c mu nakr\u0119ci\u0107 \u201eWalkower\u201d oraz zagra\u0107 w nim jeden epizod \u2013 trenera boksu. Pi\u0119\u0107 lat p\u00f3\u017aniej wr\u00f3ci\u0142 z w\u0142asnym projektem \u2013 \u201e5 i \u00bd Bladego J\u00f3zka\u201d wed\u0142ug scenariusza Wies\u0142awa Dymnego.<\/p>\n<p>Nie ma chyba w historii PRL tak dziwnej historii dotycz\u0105cej film\u00f3w, jak ta zwi\u0105zana z \u201ePi\u0119\u0107 i p\u00f3\u0142 Bladego J\u00f3zka\u201d. W czasie produkcji prasa na bie\u017c\u0105co i do\u015b\u0107 cz\u0119sto informowa\u0142a czytelnik\u00f3w o tym, co dzieje si\u0119 na planie, po czym\u2026 film nigdy nie wszed\u0142 na ekrany. Zatrzymany przez cenzur\u0119 nie trafi\u0142 na p\u00f3\u0142k\u0119, ale zosta\u0142 przez ni\u0105 zmasakrowany, czyli poci\u0119ty, a niewygodne kadry spalone.<\/p>\n<p>Henryk Kluba ju\u017c swoim dyplomowym filmem narazi\u0142 si\u0119 \u00f3wczesnej w\u0142adzy. Film nakr\u0119cony w P\u0142ocku, kt\u00f3ry nigdy nie wszed\u0142 na ekrany, ugruntowa\u0142y pozycj\u0119 Kluby jako \u201etw\u00f3rcy niewygodnego\u201d.<\/p>\n<blockquote><p><em>\u2013 Na og\u00f3\u0142 po takim filmie pozostaj\u0105 negatywy, wszystkiego co zosta\u0142o nakr\u0119cone. Czy Pani wie, \u017ce UB zabra\u0142o mi te negatywy? I zniszczy\u0142o prawdopodobnie. Ja, w swojej naiwno\u015bci s\u0105dzi\u0142em, \u017ce tymi dokr\u0119tkami, zreszt\u0105 to by\u0142o 1000 metr\u00f3w ekranowych, po\u0142ow\u0119 filmu, to jest bardzo du\u017co. Robi\u0142em te dokr\u0119tki, ale to by\u0142o jedno wielkie niepowodzenie\u00a0<\/em>\u2013 t\u0142umaczy\u0142 po latach re\u017cyser.<\/p><\/blockquote>\n<p>Kr\u00f3tko potem Kluba zrezygnowa\u0142 z pracy za kamer\u0105. Owszem grywa\u0142 w epizodach u Stanis\u0142awa Barei, zrobi\u0142 jeszcze 2 filmy w latach 70. i jeden &#8211; w 80-tych, ale nie mia\u0142y ju\u017c tej si\u0142y co filmy pierwsze. <i> <\/i>Ca\u0142\u0105 swoj\u0105 energi\u0119 przekierowa\u0142 na prac\u0119 pedagogiczn\u0105, zosta\u0142 wyk\u0142adowc\u0105 i wieloletnim rektorem \u0142\u00f3dzkiej film\u00f3wki,zreszt\u0105 bardzo cenionym przez koleg\u00f3w i student\u00f3w.<\/p>\n<p>Wi\u0119cej o obecno\u015bci Kluby w P\u0142ocku mo\u017cecie pos\u0142ucha\u0107 w dw\u00f3ch odcinkach naszego podcastu:<\/p>\n<p><a href=\"https:\/\/open.spotify.com\/episode\/43K5l1EsxNtB1Kuq8jdZYH?si=IjR-JcDOTxWMmDBK-D9TPg\"><em><strong>\u015amier\u0107 Skurczybyka, czyli historia o filmie, kt\u00f3rego nie ma<\/strong><\/em><\/a><\/p><\/div>[vc_separator color=&#8221;custom&#8221; accent_color=&#8221;rgba(112,112,112,0.3)&#8221; css=&#8221;.vc_custom_1588697544183{margin-top: 0px !important;margin-bottom: 0.9em !important;}&#8221;]<style>.ld_fancy_heading_69e1c4b64e9fa .lqd-highlight-inner{height:0.275em!important;bottom:0px!important;}<\/style><div class=\"ld-fancy-heading ld_fancy_heading_69e1c4b64e9fa\">\n\t<p class=\"ld-fh-element lqd-highlight-underline lqd-highlight-grow-left text-decoration-default lqd-split-lines\"   data-split-text=\"true\" data-split-options='{\"type\":\"lines\"}' data-custom-animations=\"true\" data-ca-options='{\"triggerHandler\":\"inview\",\"animationTarget\":\".lqd-lines > .split-inner\",\"duration\":\"1800\",\"delay\":\"80\",\"ease\":\"power4.out\",\"direction\":\"forward\",\"initValues\":{\"opacity\":0},\"animations\":{\"opacity\":1}}'>  <strong>\u0179R\u00d3D\u0141A:<\/strong><\/p>\n<ul>\n<li>kinopokis.pl<\/li>\n<li>dzieje.pl<\/li>\n<li>culture.pl<\/li>\n<\/ul>\n<p><\/p><\/div>[vc_separator color=&#8221;custom&#8221; accent_color=&#8221;rgba(112,112,112,0.3)&#8221; css=&#8221;.vc_custom_1588697544183{margin-top: 0px !important;margin-bottom: 0.9em !important;}&#8221;]<style>.ld_fancy_heading_69e1c4b64ec18 .lqd-highlight-inner{height:0.275em!important;bottom:0px!important;}<\/style><div class=\"ld-fancy-heading ld_fancy_heading_69e1c4b64ec18\">\n\t<p class=\"ld-fh-element lqd-highlight-underline lqd-highlight-grow-left text-decoration-default lqd-split-lines\"   data-split-text=\"true\" data-split-options='{\"type\":\"lines\"}' data-custom-animations=\"true\" data-ca-options='{\"triggerHandler\":\"inview\",\"animationTarget\":\".lqd-lines > .split-inner\",\"duration\":\"1800\",\"delay\":\"80\",\"ease\":\"power4.out\",\"direction\":\"forward\",\"initValues\":{\"opacity\":0},\"animations\":{\"opacity\":1}}'>  <strong>ZDJ\u0118CIA<\/strong><\/p>\n<ul>\n<li>Henryk Kluba w filmie\u00a0<em><strong>Walkower<\/strong><\/em><\/li>\n<li>ostatnia strona MAGAZYNU FILMOWEGO<br \/>\n31 stycznia 1971 (nr 5\/164)<\/li>\n<li>MAGAZYN FILMOWY z 10 pa\u017adziernika 1971, chyba jeden z ostatnich wpis\u00f3w<br \/>\nw prasie, kt\u00f3ra wcze\u015bniej ochoczo podawa\u0142a relacje z planu<\/li>\n<\/ul>\n<p><\/p><\/div><style>.ld_spacer_69e1c4b64edc5{height:100px;}<\/style>\n<div class=\"ld-empty-space ld_spacer_69e1c4b64edc5\"><\/div>[\/vc_column][\/vc_row]<\/p>\n","protected":false},"excerpt":{"rendered":"<p>[vc_row content_placement=&#8221;middle&#8221; bg_position=&#8221;right bottom&#8221; responsive_css=&#8221;padding_top_medium:70px|padding_bottom_medium:70px|padding_left_medium:4vw&#8221; css=&#8221;.vc_custom_1609873881074{padding-top: 50px !important;padding-bottom: 50px !important;background-position: 0 0 !important;background-repeat: no-repeat !important;}&#8221;][vc_column parallax=&#8221;yes&#8221; width=&#8221;1\/2&#8243; scale_from_x=&#8221;1&#8243; scale_from_y=&#8221;1&#8243; from_opacity=&#8221;1&#8243; scale_to_x=&#8221;1&#8243; scale_to_y=&#8221;1&#8243; to_opacity=&#8221;1&#8243; enable_overlay=&#8221;yes&#8221; bg_position=&#8221;center center&#8221; offset=&#8221;vc_col-md-4&#8243; responsive_css=&#8221;margin_bottom_medium:0px&#8221; css=&#8221;.vc_custom_1638649273200{margin-bottom: 40px !important;background-position: 0 0 !important;background-repeat: no-repeat !important;}&#8221;][vc_separator][vc_separator][vc_separator][\/vc_column][vc_column width=&#8221;1\/2&#8243;][vc_separator color=&#8221;custom&#8221; accent_color=&#8221;rgba(112,112,112,0.3)&#8221; css=&#8221;.vc_custom_1588697544183{margin-top: 0px !important;margin-bottom: 0.9em !important;}&#8221;][vc_separator color=&#8221;custom&#8221; accent_color=&#8221;rgba(112,112,112,0.3)&#8221; css=&#8221;.vc_custom_1588697544183{margin-top: 0px !important;margin-bottom: 0.9em !important;}&#8221;][vc_separator color=&#8221;custom&#8221; accent_color=&#8221;rgba(112,112,112,0.3)&#8221; css=&#8221;.vc_custom_1588697544183{margin-top: 0px [&hellip;]<\/p>\n","protected":false},"author":2,"featured_media":0,"parent":0,"menu_order":0,"comment_status":"closed","ping_status":"closed","template":"","meta":{"footnotes":""},"class_list":["post-13952","page","type-page","status-publish","hentry"],"yoast_head":"<!-- This site is optimized with the Yoast SEO plugin v26.7 - https:\/\/yoast.com\/wordpress\/plugins\/seo\/ -->\n<title>Henryk Kluba - FILMOWY P\u0141OCK<\/title>\n<meta name=\"robots\" content=\"index, follow, max-snippet:-1, max-image-preview:large, max-video-preview:-1\" \/>\n<link rel=\"canonical\" href=\"https:\/\/filmowyplock.pl\/?page_id=13952\" \/>\n<meta property=\"og:locale\" content=\"pl_PL\" \/>\n<meta property=\"og:type\" content=\"article\" \/>\n<meta property=\"og:title\" content=\"Henryk Kluba - FILMOWY P\u0141OCK\" \/>\n<meta property=\"og:description\" content=\"[vc_row content_placement=&#8221;middle&#8221; bg_position=&#8221;right bottom&#8221; responsive_css=&#8221;padding_top_medium:70px|padding_bottom_medium:70px|padding_left_medium:4vw&#8221; css=&#8221;.vc_custom_1609873881074{padding-top: 50px !important;padding-bottom: 50px !important;background-position: 0 0 !important;background-repeat: no-repeat !important;}&#8221;][vc_column parallax=&#8221;yes&#8221; width=&#8221;1\/2&#8243; scale_from_x=&#8221;1&#8243; scale_from_y=&#8221;1&#8243; from_opacity=&#8221;1&#8243; scale_to_x=&#8221;1&#8243; scale_to_y=&#8221;1&#8243; to_opacity=&#8221;1&#8243; enable_overlay=&#8221;yes&#8221; bg_position=&#8221;center center&#8221; offset=&#8221;vc_col-md-4&#8243; responsive_css=&#8221;margin_bottom_medium:0px&#8221; css=&#8221;.vc_custom_1638649273200{margin-bottom: 40px !important;background-position: 0 0 !important;background-repeat: no-repeat !important;}&#8221;][vc_separator][vc_separator][vc_separator][\/vc_column][vc_column width=&#8221;1\/2&#8243;][vc_separator color=&#8221;custom&#8221; accent_color=&#8221;rgba(112,112,112,0.3)&#8221; css=&#8221;.vc_custom_1588697544183{margin-top: 0px !important;margin-bottom: 0.9em !important;}&#8221;][vc_separator color=&#8221;custom&#8221; accent_color=&#8221;rgba(112,112,112,0.3)&#8221; css=&#8221;.vc_custom_1588697544183{margin-top: 0px !important;margin-bottom: 0.9em !important;}&#8221;][vc_separator color=&#8221;custom&#8221; accent_color=&#8221;rgba(112,112,112,0.3)&#8221; css=&#8221;.vc_custom_1588697544183{margin-top: 0px [&hellip;]\" \/>\n<meta property=\"og:url\" content=\"https:\/\/filmowyplock.pl\/?page_id=13952\" \/>\n<meta property=\"og:site_name\" content=\"FILMOWY P\u0141OCK\" \/>\n<meta property=\"article:modified_time\" content=\"2021-12-15T19:01:33+00:00\" \/>\n<meta property=\"og:image\" content=\"https:\/\/filmowyplock.pl\/wp-content\/uploads\/2021\/11\/7klasa_fp.jpg\" \/>\n\t<meta property=\"og:image:width\" content=\"1280\" \/>\n\t<meta property=\"og:image:height\" content=\"853\" \/>\n\t<meta property=\"og:image:type\" content=\"image\/jpeg\" \/>\n<meta name=\"twitter:card\" content=\"summary_large_image\" \/>\n<meta name=\"twitter:label1\" content=\"Szacowany czas czytania\" \/>\n\t<meta name=\"twitter:data1\" content=\"5 minut\" \/>\n<script type=\"application\/ld+json\" class=\"yoast-schema-graph\">{\"@context\":\"https:\/\/schema.org\",\"@graph\":[{\"@type\":\"WebPage\",\"@id\":\"https:\/\/filmowyplock.pl\/?page_id=13952\",\"url\":\"https:\/\/filmowyplock.pl\/?page_id=13952\",\"name\":\"Henryk Kluba - FILMOWY P\u0141OCK\",\"isPartOf\":{\"@id\":\"https:\/\/filmowyplock.pl\/#website\"},\"datePublished\":\"2021-12-15T18:49:01+00:00\",\"dateModified\":\"2021-12-15T19:01:33+00:00\",\"breadcrumb\":{\"@id\":\"https:\/\/filmowyplock.pl\/?page_id=13952#breadcrumb\"},\"inLanguage\":\"pl-PL\",\"potentialAction\":[{\"@type\":\"ReadAction\",\"target\":[\"https:\/\/filmowyplock.pl\/?page_id=13952\"]}]},{\"@type\":\"BreadcrumbList\",\"@id\":\"https:\/\/filmowyplock.pl\/?page_id=13952#breadcrumb\",\"itemListElement\":[{\"@type\":\"ListItem\",\"position\":1,\"name\":\"Strona g\u0142\u00f3wna\",\"item\":\"https:\/\/filmowyplock.pl\/\"},{\"@type\":\"ListItem\",\"position\":2,\"name\":\"Henryk Kluba\"}]},{\"@type\":\"WebSite\",\"@id\":\"https:\/\/filmowyplock.pl\/#website\",\"url\":\"https:\/\/filmowyplock.pl\/\",\"name\":\"FILMOWY P\u0141OCK\",\"description\":\"Podr\u00f3\u017c po nakr\u0119conym mie\u015bcie\",\"publisher\":{\"@id\":\"https:\/\/filmowyplock.pl\/#organization\"},\"potentialAction\":[{\"@type\":\"SearchAction\",\"target\":{\"@type\":\"EntryPoint\",\"urlTemplate\":\"https:\/\/filmowyplock.pl\/?s={search_term_string}\"},\"query-input\":{\"@type\":\"PropertyValueSpecification\",\"valueRequired\":true,\"valueName\":\"search_term_string\"}}],\"inLanguage\":\"pl-PL\"},{\"@type\":\"Organization\",\"@id\":\"https:\/\/filmowyplock.pl\/#organization\",\"name\":\"Filmowy P\u0142ock\",\"url\":\"https:\/\/filmowyplock.pl\/\",\"logo\":{\"@type\":\"ImageObject\",\"inLanguage\":\"pl-PL\",\"@id\":\"https:\/\/filmowyplock.pl\/#\/schema\/logo\/image\/\",\"url\":\"https:\/\/filmowyplock.pl\/wp-content\/uploads\/2021\/11\/cropped-Untitled-1-copy.png\",\"contentUrl\":\"https:\/\/filmowyplock.pl\/wp-content\/uploads\/2021\/11\/cropped-Untitled-1-copy.png\",\"width\":512,\"height\":512,\"caption\":\"Filmowy P\u0142ock\"},\"image\":{\"@id\":\"https:\/\/filmowyplock.pl\/#\/schema\/logo\/image\/\"}}]}<\/script>\n<!-- \/ Yoast SEO plugin. -->","yoast_head_json":{"title":"Henryk Kluba - FILMOWY P\u0141OCK","robots":{"index":"index","follow":"follow","max-snippet":"max-snippet:-1","max-image-preview":"max-image-preview:large","max-video-preview":"max-video-preview:-1"},"canonical":"https:\/\/filmowyplock.pl\/?page_id=13952","og_locale":"pl_PL","og_type":"article","og_title":"Henryk Kluba - FILMOWY P\u0141OCK","og_description":"[vc_row content_placement=&#8221;middle&#8221; bg_position=&#8221;right bottom&#8221; responsive_css=&#8221;padding_top_medium:70px|padding_bottom_medium:70px|padding_left_medium:4vw&#8221; css=&#8221;.vc_custom_1609873881074{padding-top: 50px !important;padding-bottom: 50px !important;background-position: 0 0 !important;background-repeat: no-repeat !important;}&#8221;][vc_column parallax=&#8221;yes&#8221; width=&#8221;1\/2&#8243; scale_from_x=&#8221;1&#8243; scale_from_y=&#8221;1&#8243; from_opacity=&#8221;1&#8243; scale_to_x=&#8221;1&#8243; scale_to_y=&#8221;1&#8243; to_opacity=&#8221;1&#8243; enable_overlay=&#8221;yes&#8221; bg_position=&#8221;center center&#8221; offset=&#8221;vc_col-md-4&#8243; responsive_css=&#8221;margin_bottom_medium:0px&#8221; css=&#8221;.vc_custom_1638649273200{margin-bottom: 40px !important;background-position: 0 0 !important;background-repeat: no-repeat !important;}&#8221;][vc_separator][vc_separator][vc_separator][\/vc_column][vc_column width=&#8221;1\/2&#8243;][vc_separator color=&#8221;custom&#8221; accent_color=&#8221;rgba(112,112,112,0.3)&#8221; css=&#8221;.vc_custom_1588697544183{margin-top: 0px !important;margin-bottom: 0.9em !important;}&#8221;][vc_separator color=&#8221;custom&#8221; accent_color=&#8221;rgba(112,112,112,0.3)&#8221; css=&#8221;.vc_custom_1588697544183{margin-top: 0px !important;margin-bottom: 0.9em !important;}&#8221;][vc_separator color=&#8221;custom&#8221; accent_color=&#8221;rgba(112,112,112,0.3)&#8221; css=&#8221;.vc_custom_1588697544183{margin-top: 0px [&hellip;]","og_url":"https:\/\/filmowyplock.pl\/?page_id=13952","og_site_name":"FILMOWY P\u0141OCK","article_modified_time":"2021-12-15T19:01:33+00:00","og_image":[{"width":1280,"height":853,"url":"https:\/\/filmowyplock.pl\/wp-content\/uploads\/2021\/11\/7klasa_fp.jpg","type":"image\/jpeg"}],"twitter_card":"summary_large_image","twitter_misc":{"Szacowany czas czytania":"5 minut"},"schema":{"@context":"https:\/\/schema.org","@graph":[{"@type":"WebPage","@id":"https:\/\/filmowyplock.pl\/?page_id=13952","url":"https:\/\/filmowyplock.pl\/?page_id=13952","name":"Henryk Kluba - FILMOWY P\u0141OCK","isPartOf":{"@id":"https:\/\/filmowyplock.pl\/#website"},"datePublished":"2021-12-15T18:49:01+00:00","dateModified":"2021-12-15T19:01:33+00:00","breadcrumb":{"@id":"https:\/\/filmowyplock.pl\/?page_id=13952#breadcrumb"},"inLanguage":"pl-PL","potentialAction":[{"@type":"ReadAction","target":["https:\/\/filmowyplock.pl\/?page_id=13952"]}]},{"@type":"BreadcrumbList","@id":"https:\/\/filmowyplock.pl\/?page_id=13952#breadcrumb","itemListElement":[{"@type":"ListItem","position":1,"name":"Strona g\u0142\u00f3wna","item":"https:\/\/filmowyplock.pl\/"},{"@type":"ListItem","position":2,"name":"Henryk Kluba"}]},{"@type":"WebSite","@id":"https:\/\/filmowyplock.pl\/#website","url":"https:\/\/filmowyplock.pl\/","name":"FILMOWY P\u0141OCK","description":"Podr\u00f3\u017c po nakr\u0119conym mie\u015bcie","publisher":{"@id":"https:\/\/filmowyplock.pl\/#organization"},"potentialAction":[{"@type":"SearchAction","target":{"@type":"EntryPoint","urlTemplate":"https:\/\/filmowyplock.pl\/?s={search_term_string}"},"query-input":{"@type":"PropertyValueSpecification","valueRequired":true,"valueName":"search_term_string"}}],"inLanguage":"pl-PL"},{"@type":"Organization","@id":"https:\/\/filmowyplock.pl\/#organization","name":"Filmowy P\u0142ock","url":"https:\/\/filmowyplock.pl\/","logo":{"@type":"ImageObject","inLanguage":"pl-PL","@id":"https:\/\/filmowyplock.pl\/#\/schema\/logo\/image\/","url":"https:\/\/filmowyplock.pl\/wp-content\/uploads\/2021\/11\/cropped-Untitled-1-copy.png","contentUrl":"https:\/\/filmowyplock.pl\/wp-content\/uploads\/2021\/11\/cropped-Untitled-1-copy.png","width":512,"height":512,"caption":"Filmowy P\u0142ock"},"image":{"@id":"https:\/\/filmowyplock.pl\/#\/schema\/logo\/image\/"}}]}},"_links":{"self":[{"href":"https:\/\/filmowyplock.pl\/index.php?rest_route=\/wp\/v2\/pages\/13952","targetHints":{"allow":["GET"]}}],"collection":[{"href":"https:\/\/filmowyplock.pl\/index.php?rest_route=\/wp\/v2\/pages"}],"about":[{"href":"https:\/\/filmowyplock.pl\/index.php?rest_route=\/wp\/v2\/types\/page"}],"author":[{"embeddable":true,"href":"https:\/\/filmowyplock.pl\/index.php?rest_route=\/wp\/v2\/users\/2"}],"replies":[{"embeddable":true,"href":"https:\/\/filmowyplock.pl\/index.php?rest_route=%2Fwp%2Fv2%2Fcomments&post=13952"}],"version-history":[{"count":4,"href":"https:\/\/filmowyplock.pl\/index.php?rest_route=\/wp\/v2\/pages\/13952\/revisions"}],"predecessor-version":[{"id":13961,"href":"https:\/\/filmowyplock.pl\/index.php?rest_route=\/wp\/v2\/pages\/13952\/revisions\/13961"}],"wp:attachment":[{"href":"https:\/\/filmowyplock.pl\/index.php?rest_route=%2Fwp%2Fv2%2Fmedia&parent=13952"}],"curies":[{"name":"wp","href":"https:\/\/api.w.org\/{rel}","templated":true}]}}