{"id":13944,"date":"2021-12-15T14:41:04","date_gmt":"2021-12-15T14:41:04","guid":{"rendered":"https:\/\/filmowyplock.pl\/?page_id=13944"},"modified":"2021-12-15T14:41:04","modified_gmt":"2021-12-15T14:41:04","slug":"henryk-borowski","status":"publish","type":"page","link":"https:\/\/filmowyplock.pl\/?page_id=13944","title":{"rendered":"Henryk Borowski"},"content":{"rendered":"<p>[vc_row content_placement=&#8221;middle&#8221; bg_position=&#8221;right bottom&#8221; responsive_css=&#8221;padding_top_medium:70px|padding_bottom_medium:70px|padding_left_medium:4vw&#8221; css=&#8221;.vc_custom_1609873881074{padding-top: 50px !important;padding-bottom: 50px !important;background-position: 0 0 !important;background-repeat: no-repeat !important;}&#8221;][vc_column parallax=&#8221;yes&#8221; width=&#8221;1\/2&#8243; scale_from_x=&#8221;1&#8243; scale_from_y=&#8221;1&#8243; from_opacity=&#8221;1&#8243; scale_to_x=&#8221;1&#8243; scale_to_y=&#8221;1&#8243; to_opacity=&#8221;1&#8243; enable_overlay=&#8221;yes&#8221; bg_position=&#8221;center center&#8221; offset=&#8221;vc_col-md-4&#8243; responsive_css=&#8221;margin_bottom_medium:0px&#8221; css=&#8221;.vc_custom_1638649273200{margin-bottom: 40px !important;background-position: 0 0 !important;background-repeat: no-repeat !important;}&#8221;]<style>@media (min-width: 992px) { .ld_images_group_element_69e1c4e179f6b {margin-right:2vw !important; margin-left:-8vw !important;  }  } @media (min-width: 992px) { .ld_images_group_element_69e1c4e179f6b {margin-right:2vw !important; margin-left:-8vw !important;  }  } <\/style><div id=\"ld_images_group_element_69e1c4e179f6b\" class=\"lqd-imggrp-single ld_images_group_element_69e1c4e179f6b\" data-hover3d=\"true\"  >\n\t\n\t<div class=\"lqd-imggrp-img-container\" data-stacking-factor=\"1\"   >\n\t\t\n\t\t\t\t\n\t\t\t\t<figure ><img decoding=\"async\" width=\"2816\" height=\"3484\" src=\"https:\/\/filmowyplock.pl\/wp-content\/uploads\/2021\/12\/3_42_0_1_53_69805-kopia.jpg\" class=\"attachment-full size-full\" alt=\"\" srcset=\"https:\/\/filmowyplock.pl\/wp-content\/uploads\/2021\/12\/3_42_0_1_53_69805-kopia.jpg 2816w, https:\/\/filmowyplock.pl\/wp-content\/uploads\/2021\/12\/3_42_0_1_53_69805-kopia-242x300.jpg 242w, https:\/\/filmowyplock.pl\/wp-content\/uploads\/2021\/12\/3_42_0_1_53_69805-kopia-828x1024.jpg 828w\" sizes=\"(max-width: 2816px) 100vw, 2816px\" itemprop=\"image\" \/><\/figure>\t\t\t\t\t\t\t\t\n\t<\/div><!-- \/.lqd-imggrp-content -->\n<\/div><!-- \/.lqd-imggrp-single -->[vc_separator]<style>@media (min-width: 992px) { .ld_images_group_element_69e1c4e17b28c {margin-right:2vw !important; margin-left:-8vw !important;  }  } @media (min-width: 992px) { .ld_images_group_element_69e1c4e17b28c {margin-right:2vw !important; margin-left:-8vw !important;  }  } <\/style><div id=\"ld_images_group_element_69e1c4e17b28c\" class=\"lqd-imggrp-single ld_images_group_element_69e1c4e17b28c\" data-hover3d=\"true\"  >\n\t\n\t<div class=\"lqd-imggrp-img-container\" data-stacking-factor=\"1\"   >\n\t\t\n\t\t\t\t\n\t\t\t\t<figure ><img decoding=\"async\" width=\"3469\" height=\"3673\" src=\"data:image\/svg+xml;charset=utf-8,%3Csvg xmlns%3D&#039;http%3A%2F%2Fwww.w3.org%2F2000%2Fsvg&#039; viewBox%3D&#039;0 0 3469 3673&#039;%2F%3E\" class=\"attachment-full size-full ld-lazyload\" alt=\"\" itemprop=\"image\" data-src=\"https:\/\/filmowyplock.pl\/wp-content\/uploads\/2021\/12\/3_42_0_1_53_69800.jpg\" data-srcset=\"https:\/\/filmowyplock.pl\/wp-content\/uploads\/2021\/12\/3_42_0_1_53_69800.jpg 3469w, https:\/\/filmowyplock.pl\/wp-content\/uploads\/2021\/12\/3_42_0_1_53_69800-283x300.jpg 283w, https:\/\/filmowyplock.pl\/wp-content\/uploads\/2021\/12\/3_42_0_1_53_69800-967x1024.jpg 967w\" data-sizes=\"(max-width: 3469px) 100vw, 3469px\" data-aspect=\"0.94445956983392\" \/><\/figure>\t\t\t\t\t\t\t\t\n\t<\/div><!-- \/.lqd-imggrp-content -->\n<\/div><!-- \/.lqd-imggrp-single -->[vc_separator][\/vc_column][vc_column width=&#8221;1\/2&#8243;]<style>.ld_spacer_69e1c4e18a38e{height:100px;}<\/style>\n<div class=\"ld-empty-space ld_spacer_69e1c4e18a38e\"><\/div><style>.ld_fancy_heading_69e1c4e18a5ba h2 {margin-bottom:4em !important;  } .ld_fancy_heading_69e1c4e18a5ba .lqd-highlight-inner{height:0.275em!important;bottom:0px!important;}.ld_fancy_heading_69e1c4e18a5ba h2 {margin-bottom:4em !important;  } <\/style><div class=\"ld-fancy-heading ld_fancy_heading_69e1c4e18a5ba\">\n\t<h2 class=\"ld-fh-element lqd-highlight-underline lqd-highlight-grow-left text-decoration-default\"   >  Henryk Borowski<\/h2><\/div><style>.ld_fancy_heading_69e1c4e18b389 h3 {margin-bottom:4em !important;  } .ld_fancy_heading_69e1c4e18b389 .lqd-highlight-inner{height:0.275em!important;bottom:0px!important;}.ld_fancy_heading_69e1c4e18b389 h3 {margin-bottom:4em !important;  } <\/style><div class=\"ld-fancy-heading ld_fancy_heading_69e1c4e18b389\">\n\t<h3 class=\"ld-fh-element lqd-highlight-underline lqd-highlight-grow-left text-decoration-default\"   >  1910-1991<\/h3><\/div>[vc_separator color=&#8221;custom&#8221; accent_color=&#8221;rgba(112,112,112,0.3)&#8221; css=&#8221;.vc_custom_1588697544183{margin-top: 0px !important;margin-bottom: 0.9em !important;}&#8221;]<style>.ld_fancy_heading_69e1c4e18bf67 .lqd-highlight-inner{height:0.275em!important;bottom:0px!important;}<\/style><div class=\"ld-fancy-heading ld_fancy_heading_69e1c4e18bf67\">\n\t<p class=\"ld-fh-element lqd-highlight-underline lqd-highlight-grow-left text-decoration-default lqd-split-lines\"   data-split-text=\"true\" data-split-options='{\"type\":\"lines\"}' data-custom-animations=\"true\" data-ca-options='{\"triggerHandler\":\"inview\",\"animationTarget\":\".lqd-lines > .split-inner\",\"duration\":\"1800\",\"delay\":\"80\",\"ease\":\"power4.out\",\"direction\":\"forward\",\"initValues\":{\"opacity\":0},\"animations\":{\"opacity\":1}}'>  Aktor teatralny i filmowy. Urodzi\u0142 si\u0119 14 lutego 1910 roku w rodzinie znanego adwokata. Ucz\u0119szcza\u0142 do p\u0142ockiej Jagiellonki. Po sko\u0144czeniu sz\u00f3stej klasy z rodzicami przeni\u00f3s\u0142 si\u0119 do Warszawy, gdzie w 1934 roku uko\u0144czy\u0142 Pa\u0144stwowy Instytut Sztuki Teatralnej.<\/p>\n<p>Cho\u0107 pocz\u0105tkowo zapisa\u0142 si\u0119 na prawo, po roku przeni\u00f3s\u0142 si\u0119 do szko\u0142y dramatycznej. Aktorstwa uczy\u0142 si\u0119 pod okiem wybitnych artyst\u00f3w, tj. Stanis\u0142awa Wysocka, Juliusz Osterwa, Leon Schiller, Stefan Jaracz<\/p>\n<p>Przed II wojn\u0105 \u015bwiatow\u0105 gra\u0142 w wile\u0144skim Teatrze na Pohulance oraz we Lwowie. Po wojnie najd\u0142u\u017cej wyst\u0119powa\u0142 w Teatrze Wsp\u00f3\u0142czesnym w Warszawie i Teatrze Telewizji i Polskiego Radia. Wyk\u0142ada\u0142 w Pa\u0144stwowej Wy\u017cszej Szkole Teatralnej.<\/p>\n<p>Zagra\u0142 wiele r\u00f3l filmowych i telewizyjnych. Do najbardziej znanych nale\u017c\u0105: Zygfryd de Lowe z \u201eKrzy\u017cak\u00f3w\u201d (1960), s\u0119dzia z \u201eKlubu profesora Tutki\u201d (1966-1968), minister Hoym z \u201eHrabiny Cosel\u201d, Dziad z \u201eWesela\u201d (1972), stryk Klemens z \u201eNocy i dni\u201d (1975) czy Jacenty z \u201eKaprys\u00f3w \u0141azarza\u201d (1974). Wyst\u0119powa\u0142 w s\u0142uchowiskach radiowych, m.in. Jacka Janczarskiego i Adama Kreczmara.<\/p>\n<p>\u201eUrodzi\u0142 si\u0119 w P\u0142ocku i tam w latach gimnazjalnych, pod wp\u0142ywem profesora j\u0119zyka polskiego, polubi\u0142 teatr. Profesor pi\u0119knie wyk\u0142ada\u0142, kocha\u0142 poezj\u0119, kocha\u0142 sztuk\u0119, a gimnazjalista Henryk Borowski pi\u0119knie recytowa\u0142 i lubi\u0142 to robi\u0107 przy ka\u017cdej nadarzaj\u0105cej si\u0119 okazji\u201d &#8211; czytamy w \u201eLeksykonie wybitnych aktor\u00f3w\u201d Aliny Budzi\u0144skiej. Profesorem tym by\u0142 Klemens J\u0119drzejewski.<\/p><\/div>[vc_separator color=&#8221;custom&#8221; accent_color=&#8221;rgba(112,112,112,0.3)&#8221; css=&#8221;.vc_custom_1588697544183{margin-top: 0px !important;margin-bottom: 0.9em !important;}&#8221;]<style>.ld_fancy_heading_69e1c4e18c3b8 .lqd-highlight-inner{height:0.275em!important;bottom:0px!important;}<\/style><div class=\"ld-fancy-heading ld_fancy_heading_69e1c4e18c3b8\">\n\t<p class=\"ld-fh-element lqd-highlight-underline lqd-highlight-grow-left text-decoration-default lqd-split-lines\"   data-split-text=\"true\" data-split-options='{\"type\":\"lines\"}' data-custom-animations=\"true\" data-ca-options='{\"triggerHandler\":\"inview\",\"animationTarget\":\".lqd-lines > .split-inner\",\"duration\":\"1800\",\"delay\":\"80\",\"ease\":\"power4.out\",\"direction\":\"forward\",\"initValues\":{\"opacity\":0},\"animations\":{\"opacity\":1}}'>  <strong>\u0179R\u00d3D\u0141A:<\/strong><\/p>\n<ul>\n<li>Artystyczny P\u0142ock, Miros\u0142aw \u0141akomski, ViaArtCity, P\u0142ock 2019<\/li>\n<li>Wikipedia.pl<\/li>\n<li>dziennikteatralny.pl<\/li>\n<li>Filmpolski.pl<\/li>\n<li>encyklopediateatru.pl<\/li>\n<li>Jagiello\u0144czyk\u00f3w biografie niepospolite, Romany Kuffel, Samizdat Zofii \u0141o\u015b, P\u0142ock 2006<\/li>\n<\/ul>\n<p><\/p><\/div>[vc_separator color=&#8221;custom&#8221; accent_color=&#8221;rgba(112,112,112,0.3)&#8221; css=&#8221;.vc_custom_1588697544183{margin-top: 0px !important;margin-bottom: 0.9em !important;}&#8221;]<style>.ld_fancy_heading_69e1c4e18c69e .lqd-highlight-inner{height:0.275em!important;bottom:0px!important;}<\/style><div class=\"ld-fancy-heading ld_fancy_heading_69e1c4e18c69e\">\n\t<p class=\"ld-fh-element lqd-highlight-underline lqd-highlight-grow-left text-decoration-default lqd-split-lines\"   data-split-text=\"true\" data-split-options='{\"type\":\"lines\"}' data-custom-animations=\"true\" data-ca-options='{\"triggerHandler\":\"inview\",\"animationTarget\":\".lqd-lines > .split-inner\",\"duration\":\"1800\",\"delay\":\"80\",\"ease\":\"power4.out\",\"direction\":\"forward\",\"initValues\":{\"opacity\":0},\"animations\":{\"opacity\":1}}'>  <strong>ZDJ\u0118CIE<\/strong><br \/>\nHenryk Borkowski z Archiwum Fotograficznego Edwarda Hartwiga, NAC, domena publiczna<\/p><\/div><style>.ld_spacer_69e1c4e191b19{height:100px;}<\/style>\n<div class=\"ld-empty-space ld_spacer_69e1c4e191b19\"><\/div>[\/vc_column][\/vc_row]<\/p>\n","protected":false},"excerpt":{"rendered":"<p>[vc_row content_placement=&#8221;middle&#8221; bg_position=&#8221;right bottom&#8221; responsive_css=&#8221;padding_top_medium:70px|padding_bottom_medium:70px|padding_left_medium:4vw&#8221; css=&#8221;.vc_custom_1609873881074{padding-top: 50px !important;padding-bottom: 50px !important;background-position: 0 0 !important;background-repeat: no-repeat !important;}&#8221;][vc_column parallax=&#8221;yes&#8221; width=&#8221;1\/2&#8243; scale_from_x=&#8221;1&#8243; scale_from_y=&#8221;1&#8243; from_opacity=&#8221;1&#8243; scale_to_x=&#8221;1&#8243; scale_to_y=&#8221;1&#8243; to_opacity=&#8221;1&#8243; enable_overlay=&#8221;yes&#8221; bg_position=&#8221;center center&#8221; offset=&#8221;vc_col-md-4&#8243; responsive_css=&#8221;margin_bottom_medium:0px&#8221; css=&#8221;.vc_custom_1638649273200{margin-bottom: 40px !important;background-position: 0 0 !important;background-repeat: no-repeat !important;}&#8221;][vc_separator][vc_separator][\/vc_column][vc_column width=&#8221;1\/2&#8243;][vc_separator color=&#8221;custom&#8221; accent_color=&#8221;rgba(112,112,112,0.3)&#8221; css=&#8221;.vc_custom_1588697544183{margin-top: 0px !important;margin-bottom: 0.9em !important;}&#8221;][vc_separator color=&#8221;custom&#8221; accent_color=&#8221;rgba(112,112,112,0.3)&#8221; css=&#8221;.vc_custom_1588697544183{margin-top: 0px !important;margin-bottom: 0.9em !important;}&#8221;][vc_separator color=&#8221;custom&#8221; accent_color=&#8221;rgba(112,112,112,0.3)&#8221; css=&#8221;.vc_custom_1588697544183{margin-top: 0px [&hellip;]<\/p>\n","protected":false},"author":2,"featured_media":0,"parent":0,"menu_order":0,"comment_status":"closed","ping_status":"closed","template":"","meta":{"footnotes":""},"class_list":["post-13944","page","type-page","status-publish","hentry"],"yoast_head":"<!-- This site is optimized with the Yoast SEO plugin v26.7 - https:\/\/yoast.com\/wordpress\/plugins\/seo\/ -->\n<title>Henryk Borowski - FILMOWY P\u0141OCK<\/title>\n<meta name=\"robots\" content=\"index, follow, max-snippet:-1, max-image-preview:large, max-video-preview:-1\" \/>\n<link rel=\"canonical\" href=\"https:\/\/filmowyplock.pl\/?page_id=13944\" \/>\n<meta property=\"og:locale\" content=\"pl_PL\" \/>\n<meta property=\"og:type\" content=\"article\" \/>\n<meta property=\"og:title\" content=\"Henryk Borowski - FILMOWY P\u0141OCK\" \/>\n<meta property=\"og:description\" content=\"[vc_row content_placement=&#8221;middle&#8221; bg_position=&#8221;right bottom&#8221; responsive_css=&#8221;padding_top_medium:70px|padding_bottom_medium:70px|padding_left_medium:4vw&#8221; css=&#8221;.vc_custom_1609873881074{padding-top: 50px !important;padding-bottom: 50px !important;background-position: 0 0 !important;background-repeat: no-repeat !important;}&#8221;][vc_column parallax=&#8221;yes&#8221; width=&#8221;1\/2&#8243; scale_from_x=&#8221;1&#8243; scale_from_y=&#8221;1&#8243; from_opacity=&#8221;1&#8243; scale_to_x=&#8221;1&#8243; scale_to_y=&#8221;1&#8243; to_opacity=&#8221;1&#8243; enable_overlay=&#8221;yes&#8221; bg_position=&#8221;center center&#8221; offset=&#8221;vc_col-md-4&#8243; responsive_css=&#8221;margin_bottom_medium:0px&#8221; css=&#8221;.vc_custom_1638649273200{margin-bottom: 40px !important;background-position: 0 0 !important;background-repeat: no-repeat !important;}&#8221;][vc_separator][vc_separator][\/vc_column][vc_column width=&#8221;1\/2&#8243;][vc_separator color=&#8221;custom&#8221; accent_color=&#8221;rgba(112,112,112,0.3)&#8221; css=&#8221;.vc_custom_1588697544183{margin-top: 0px !important;margin-bottom: 0.9em !important;}&#8221;][vc_separator color=&#8221;custom&#8221; accent_color=&#8221;rgba(112,112,112,0.3)&#8221; css=&#8221;.vc_custom_1588697544183{margin-top: 0px !important;margin-bottom: 0.9em !important;}&#8221;][vc_separator color=&#8221;custom&#8221; accent_color=&#8221;rgba(112,112,112,0.3)&#8221; css=&#8221;.vc_custom_1588697544183{margin-top: 0px [&hellip;]\" \/>\n<meta property=\"og:url\" content=\"https:\/\/filmowyplock.pl\/?page_id=13944\" \/>\n<meta property=\"og:site_name\" content=\"FILMOWY P\u0141OCK\" \/>\n<meta property=\"og:image\" content=\"https:\/\/filmowyplock.pl\/wp-content\/uploads\/2021\/11\/7klasa_fp.jpg\" \/>\n\t<meta property=\"og:image:width\" content=\"1280\" \/>\n\t<meta property=\"og:image:height\" content=\"853\" \/>\n\t<meta property=\"og:image:type\" content=\"image\/jpeg\" \/>\n<meta name=\"twitter:card\" content=\"summary_large_image\" \/>\n<meta name=\"twitter:label1\" content=\"Szacowany czas czytania\" \/>\n\t<meta name=\"twitter:data1\" content=\"3 minuty\" \/>\n<script type=\"application\/ld+json\" class=\"yoast-schema-graph\">{\"@context\":\"https:\/\/schema.org\",\"@graph\":[{\"@type\":\"WebPage\",\"@id\":\"https:\/\/filmowyplock.pl\/?page_id=13944\",\"url\":\"https:\/\/filmowyplock.pl\/?page_id=13944\",\"name\":\"Henryk Borowski - FILMOWY P\u0141OCK\",\"isPartOf\":{\"@id\":\"https:\/\/filmowyplock.pl\/#website\"},\"datePublished\":\"2021-12-15T14:41:04+00:00\",\"breadcrumb\":{\"@id\":\"https:\/\/filmowyplock.pl\/?page_id=13944#breadcrumb\"},\"inLanguage\":\"pl-PL\",\"potentialAction\":[{\"@type\":\"ReadAction\",\"target\":[\"https:\/\/filmowyplock.pl\/?page_id=13944\"]}]},{\"@type\":\"BreadcrumbList\",\"@id\":\"https:\/\/filmowyplock.pl\/?page_id=13944#breadcrumb\",\"itemListElement\":[{\"@type\":\"ListItem\",\"position\":1,\"name\":\"Strona g\u0142\u00f3wna\",\"item\":\"https:\/\/filmowyplock.pl\/\"},{\"@type\":\"ListItem\",\"position\":2,\"name\":\"Henryk Borowski\"}]},{\"@type\":\"WebSite\",\"@id\":\"https:\/\/filmowyplock.pl\/#website\",\"url\":\"https:\/\/filmowyplock.pl\/\",\"name\":\"FILMOWY P\u0141OCK\",\"description\":\"Podr\u00f3\u017c po nakr\u0119conym mie\u015bcie\",\"publisher\":{\"@id\":\"https:\/\/filmowyplock.pl\/#organization\"},\"potentialAction\":[{\"@type\":\"SearchAction\",\"target\":{\"@type\":\"EntryPoint\",\"urlTemplate\":\"https:\/\/filmowyplock.pl\/?s={search_term_string}\"},\"query-input\":{\"@type\":\"PropertyValueSpecification\",\"valueRequired\":true,\"valueName\":\"search_term_string\"}}],\"inLanguage\":\"pl-PL\"},{\"@type\":\"Organization\",\"@id\":\"https:\/\/filmowyplock.pl\/#organization\",\"name\":\"Filmowy P\u0142ock\",\"url\":\"https:\/\/filmowyplock.pl\/\",\"logo\":{\"@type\":\"ImageObject\",\"inLanguage\":\"pl-PL\",\"@id\":\"https:\/\/filmowyplock.pl\/#\/schema\/logo\/image\/\",\"url\":\"https:\/\/filmowyplock.pl\/wp-content\/uploads\/2021\/11\/cropped-Untitled-1-copy.png\",\"contentUrl\":\"https:\/\/filmowyplock.pl\/wp-content\/uploads\/2021\/11\/cropped-Untitled-1-copy.png\",\"width\":512,\"height\":512,\"caption\":\"Filmowy P\u0142ock\"},\"image\":{\"@id\":\"https:\/\/filmowyplock.pl\/#\/schema\/logo\/image\/\"}}]}<\/script>\n<!-- \/ Yoast SEO plugin. -->","yoast_head_json":{"title":"Henryk Borowski - FILMOWY P\u0141OCK","robots":{"index":"index","follow":"follow","max-snippet":"max-snippet:-1","max-image-preview":"max-image-preview:large","max-video-preview":"max-video-preview:-1"},"canonical":"https:\/\/filmowyplock.pl\/?page_id=13944","og_locale":"pl_PL","og_type":"article","og_title":"Henryk Borowski - FILMOWY P\u0141OCK","og_description":"[vc_row content_placement=&#8221;middle&#8221; bg_position=&#8221;right bottom&#8221; responsive_css=&#8221;padding_top_medium:70px|padding_bottom_medium:70px|padding_left_medium:4vw&#8221; css=&#8221;.vc_custom_1609873881074{padding-top: 50px !important;padding-bottom: 50px !important;background-position: 0 0 !important;background-repeat: no-repeat !important;}&#8221;][vc_column parallax=&#8221;yes&#8221; width=&#8221;1\/2&#8243; scale_from_x=&#8221;1&#8243; scale_from_y=&#8221;1&#8243; from_opacity=&#8221;1&#8243; scale_to_x=&#8221;1&#8243; scale_to_y=&#8221;1&#8243; to_opacity=&#8221;1&#8243; enable_overlay=&#8221;yes&#8221; bg_position=&#8221;center center&#8221; offset=&#8221;vc_col-md-4&#8243; responsive_css=&#8221;margin_bottom_medium:0px&#8221; css=&#8221;.vc_custom_1638649273200{margin-bottom: 40px !important;background-position: 0 0 !important;background-repeat: no-repeat !important;}&#8221;][vc_separator][vc_separator][\/vc_column][vc_column width=&#8221;1\/2&#8243;][vc_separator color=&#8221;custom&#8221; accent_color=&#8221;rgba(112,112,112,0.3)&#8221; css=&#8221;.vc_custom_1588697544183{margin-top: 0px !important;margin-bottom: 0.9em !important;}&#8221;][vc_separator color=&#8221;custom&#8221; accent_color=&#8221;rgba(112,112,112,0.3)&#8221; css=&#8221;.vc_custom_1588697544183{margin-top: 0px !important;margin-bottom: 0.9em !important;}&#8221;][vc_separator color=&#8221;custom&#8221; accent_color=&#8221;rgba(112,112,112,0.3)&#8221; css=&#8221;.vc_custom_1588697544183{margin-top: 0px [&hellip;]","og_url":"https:\/\/filmowyplock.pl\/?page_id=13944","og_site_name":"FILMOWY P\u0141OCK","og_image":[{"width":1280,"height":853,"url":"https:\/\/filmowyplock.pl\/wp-content\/uploads\/2021\/11\/7klasa_fp.jpg","type":"image\/jpeg"}],"twitter_card":"summary_large_image","twitter_misc":{"Szacowany czas czytania":"3 minuty"},"schema":{"@context":"https:\/\/schema.org","@graph":[{"@type":"WebPage","@id":"https:\/\/filmowyplock.pl\/?page_id=13944","url":"https:\/\/filmowyplock.pl\/?page_id=13944","name":"Henryk Borowski - FILMOWY P\u0141OCK","isPartOf":{"@id":"https:\/\/filmowyplock.pl\/#website"},"datePublished":"2021-12-15T14:41:04+00:00","breadcrumb":{"@id":"https:\/\/filmowyplock.pl\/?page_id=13944#breadcrumb"},"inLanguage":"pl-PL","potentialAction":[{"@type":"ReadAction","target":["https:\/\/filmowyplock.pl\/?page_id=13944"]}]},{"@type":"BreadcrumbList","@id":"https:\/\/filmowyplock.pl\/?page_id=13944#breadcrumb","itemListElement":[{"@type":"ListItem","position":1,"name":"Strona g\u0142\u00f3wna","item":"https:\/\/filmowyplock.pl\/"},{"@type":"ListItem","position":2,"name":"Henryk Borowski"}]},{"@type":"WebSite","@id":"https:\/\/filmowyplock.pl\/#website","url":"https:\/\/filmowyplock.pl\/","name":"FILMOWY P\u0141OCK","description":"Podr\u00f3\u017c po nakr\u0119conym mie\u015bcie","publisher":{"@id":"https:\/\/filmowyplock.pl\/#organization"},"potentialAction":[{"@type":"SearchAction","target":{"@type":"EntryPoint","urlTemplate":"https:\/\/filmowyplock.pl\/?s={search_term_string}"},"query-input":{"@type":"PropertyValueSpecification","valueRequired":true,"valueName":"search_term_string"}}],"inLanguage":"pl-PL"},{"@type":"Organization","@id":"https:\/\/filmowyplock.pl\/#organization","name":"Filmowy P\u0142ock","url":"https:\/\/filmowyplock.pl\/","logo":{"@type":"ImageObject","inLanguage":"pl-PL","@id":"https:\/\/filmowyplock.pl\/#\/schema\/logo\/image\/","url":"https:\/\/filmowyplock.pl\/wp-content\/uploads\/2021\/11\/cropped-Untitled-1-copy.png","contentUrl":"https:\/\/filmowyplock.pl\/wp-content\/uploads\/2021\/11\/cropped-Untitled-1-copy.png","width":512,"height":512,"caption":"Filmowy P\u0142ock"},"image":{"@id":"https:\/\/filmowyplock.pl\/#\/schema\/logo\/image\/"}}]}},"_links":{"self":[{"href":"https:\/\/filmowyplock.pl\/index.php?rest_route=\/wp\/v2\/pages\/13944","targetHints":{"allow":["GET"]}}],"collection":[{"href":"https:\/\/filmowyplock.pl\/index.php?rest_route=\/wp\/v2\/pages"}],"about":[{"href":"https:\/\/filmowyplock.pl\/index.php?rest_route=\/wp\/v2\/types\/page"}],"author":[{"embeddable":true,"href":"https:\/\/filmowyplock.pl\/index.php?rest_route=\/wp\/v2\/users\/2"}],"replies":[{"embeddable":true,"href":"https:\/\/filmowyplock.pl\/index.php?rest_route=%2Fwp%2Fv2%2Fcomments&post=13944"}],"version-history":[{"count":1,"href":"https:\/\/filmowyplock.pl\/index.php?rest_route=\/wp\/v2\/pages\/13944\/revisions"}],"predecessor-version":[{"id":13950,"href":"https:\/\/filmowyplock.pl\/index.php?rest_route=\/wp\/v2\/pages\/13944\/revisions\/13950"}],"wp:attachment":[{"href":"https:\/\/filmowyplock.pl\/index.php?rest_route=%2Fwp%2Fv2%2Fmedia&parent=13944"}],"curies":[{"name":"wp","href":"https:\/\/api.w.org\/{rel}","templated":true}]}}