{"id":13889,"date":"2021-12-08T22:07:26","date_gmt":"2021-12-08T22:07:26","guid":{"rendered":"https:\/\/filmowyplock.pl\/?page_id=13889"},"modified":"2021-12-08T22:10:41","modified_gmt":"2021-12-08T22:10:41","slug":"kino-petro","status":"publish","type":"page","link":"https:\/\/filmowyplock.pl\/?page_id=13889","title":{"rendered":"Kino PETRO"},"content":{"rendered":"<p>[vc_row content_placement=&#8221;middle&#8221; bg_position=&#8221;right bottom&#8221; responsive_css=&#8221;padding_top_medium:70px|padding_bottom_medium:70px|padding_left_medium:4vw&#8221; css=&#8221;.vc_custom_1609873881074{padding-top: 50px !important;padding-bottom: 50px !important;background-position: 0 0 !important;background-repeat: no-repeat !important;}&#8221;][vc_column parallax=&#8221;yes&#8221; width=&#8221;1\/2&#8243; scale_from_x=&#8221;1&#8243; scale_from_y=&#8221;1&#8243; from_opacity=&#8221;1&#8243; scale_to_x=&#8221;1&#8243; scale_to_y=&#8221;1&#8243; to_opacity=&#8221;1&#8243; enable_overlay=&#8221;yes&#8221; bg_position=&#8221;center center&#8221; offset=&#8221;vc_col-md-4&#8243; responsive_css=&#8221;margin_bottom_medium:0px&#8221; css=&#8221;.vc_custom_1638649273200{margin-bottom: 40px !important;background-position: 0 0 !important;background-repeat: no-repeat !important;}&#8221;]<style>@media (min-width: 992px) { .ld_images_group_element_69e1c59b5d4b7 {margin-right:2vw !important; margin-left:-8vw !important;  }  } @media (min-width: 992px) { .ld_images_group_element_69e1c59b5d4b7 {margin-right:2vw !important; margin-left:-8vw !important;  }  } <\/style><div id=\"ld_images_group_element_69e1c59b5d4b7\" class=\"lqd-imggrp-single ld_images_group_element_69e1c59b5d4b7\" data-hover3d=\"true\"  >\n\t\n\t<div class=\"lqd-imggrp-img-container\" data-stacking-factor=\"1\"   >\n\t\t\n\t\t\t\t\n\t\t\t\t<figure ><img decoding=\"async\" width=\"1269\" height=\"747\" src=\"https:\/\/filmowyplock.pl\/wp-content\/uploads\/2021\/12\/bud2-kopia-1.jpg\" class=\"attachment-full size-full\" alt=\"\" srcset=\"https:\/\/filmowyplock.pl\/wp-content\/uploads\/2021\/12\/bud2-kopia-1.jpg 1269w, https:\/\/filmowyplock.pl\/wp-content\/uploads\/2021\/12\/bud2-kopia-1-300x177.jpg 300w, https:\/\/filmowyplock.pl\/wp-content\/uploads\/2021\/12\/bud2-kopia-1-1024x603.jpg 1024w\" sizes=\"(max-width: 1269px) 100vw, 1269px\" itemprop=\"image\" \/><\/figure>\t\t\t\t\t\t\t\t\n\t<\/div><!-- \/.lqd-imggrp-content -->\n<\/div><!-- \/.lqd-imggrp-single --><style>.ld_spacer_69e1c59b5eb1d{height:100px;}<\/style>\n<div class=\"ld-empty-space ld_spacer_69e1c59b5eb1d\"><\/div>[\/vc_column][vc_column width=&#8221;1\/2&#8243;]<style>.ld_spacer_69e1c59b5ec76{height:100px;}<\/style>\n<div class=\"ld-empty-space ld_spacer_69e1c59b5ec76\"><\/div><style>.ld_fancy_heading_69e1c59b5ee3c h1 {margin-bottom:4em !important;  } .ld_fancy_heading_69e1c59b5ee3c .lqd-highlight-inner{height:0.275em!important;bottom:0px!important;}.ld_fancy_heading_69e1c59b5ee3c h1 {margin-bottom:4em !important;  } <\/style><div class=\"ld-fancy-heading ld_fancy_heading_69e1c59b5ee3c\">\n\t<h1 class=\"ld-fh-element lqd-highlight-underline lqd-highlight-grow-left text-decoration-default\"   >  Kino PETRO<\/h1><\/div><style>.ld_fancy_heading_69e1c59b5f7af h3 {margin-bottom:4em !important;  } .ld_fancy_heading_69e1c59b5f7af .lqd-highlight-inner{height:0.275em!important;bottom:0px!important;}.ld_fancy_heading_69e1c59b5f7af h3 {margin-bottom:4em !important;  } <\/style><div class=\"ld-fancy-heading ld_fancy_heading_69e1c59b5f7af\">\n\t<h3 class=\"ld-fh-element lqd-highlight-underline lqd-highlight-grow-left text-decoration-default\"   >  sala: <strong>300 miejsc<\/strong><br \/>\nadres: <strong>Bia\u0142a<\/strong><br \/>\ndzia\u0142alno\u015b\u0107: <strong>od 1962 do lat 70. XX wieku<\/strong><br \/>\nstan: <strong>budynek istniej\u0105cy<\/strong><\/h3><\/div>[vc_separator color=&#8221;custom&#8221; accent_color=&#8221;rgba(112,112,112,0.3)&#8221; css=&#8221;.vc_custom_1588697544183{margin-top: 0px !important;margin-bottom: 0.9em !important;}&#8221;]<style>.ld_fancy_heading_69e1c59b60182 .lqd-highlight-inner{height:0.275em!important;bottom:0px!important;}<\/style><div class=\"ld-fancy-heading ld_fancy_heading_69e1c59b60182\">\n\t<p class=\"ld-fh-element lqd-highlight-underline lqd-highlight-grow-left text-decoration-default lqd-split-lines\"   data-split-text=\"true\" data-split-options='{\"type\":\"lines\"}' data-custom-animations=\"true\" data-ca-options='{\"triggerHandler\":\"inview\",\"animationTarget\":\".lqd-lines > .split-inner\",\"duration\":\"1800\",\"delay\":\"80\",\"ease\":\"power4.out\",\"direction\":\"forward\",\"initValues\":{\"opacity\":0},\"animations\":{\"opacity\":1}}'>  Z raport\u00f3w publikowanych w Notatkach P\u0142ockich mo\u017cemy si\u0119 te\u017c dowiedzie\u0107, \u017ce w Domu Kultury Budowniczych Kombinatu powsta\u0142o Kino \u201ePetro\u201d. Decyzj\u0119 tak\u0105 podj\u0105\u0142 Wojew\u00f3dzki Zarz\u0105d Kin. Ruszy\u0142o w sierpniu 1962 roku. Mia\u0142o 300 miejsc, ale sala by\u0142a p\u0142aska i bez balkonu.<\/p>\n<blockquote><p>&#8211; <strong><em>Zamiast foteli by\u0142y drewniane, sk\u0142adane krzes\u0142a. Ekran, pami\u0119tam tak du\u017cy, jak w Przedwio\u015bniu. Seanse organizowano tylko dwa razy w tygodniu, w weekendy i \u015bwi\u0119ta. Przychodzi\u0142y t\u0142umy, bo wok\u00f3\u0142 sta\u0142o mn\u00f3stwo hoteli Petrobudowy<\/em><\/strong><\/p><\/blockquote>\n<p>\u2013 opowiada\u0142 po latach Tadeusz Kubiak \u2013 pracownik Petrobudowy. Trzy lata po uruchomieniu Franciszek Dorobek pisa\u0142 o \u201ePetro\u201d, \u017ce \u201ewy\u0142\u0105cznie obs\u0142uguje nielicznych ju\u017c dzisiaj mieszka\u0144c\u00f3w hoteli robotniczych a przede wszystkim ludno\u015b\u0107 wiejsk\u0105.\u201d<\/p><\/div>[vc_separator color=&#8221;custom&#8221; accent_color=&#8221;rgba(112,112,112,0.3)&#8221; css=&#8221;.vc_custom_1588697544183{margin-top: 0px !important;margin-bottom: 0.9em !important;}&#8221;]<style>.ld_fancy_heading_69e1c59b60570 .lqd-highlight-inner{height:0.275em!important;bottom:0px!important;}<\/style><div class=\"ld-fancy-heading ld_fancy_heading_69e1c59b60570\">\n\t<p class=\"ld-fh-element lqd-highlight-underline lqd-highlight-grow-left text-decoration-default lqd-split-lines\"   data-split-text=\"true\" data-split-options='{\"type\":\"lines\"}' data-custom-animations=\"true\" data-ca-options='{\"triggerHandler\":\"inview\",\"animationTarget\":\".lqd-lines > .split-inner\",\"duration\":\"1800\",\"delay\":\"80\",\"ease\":\"power4.out\",\"direction\":\"forward\",\"initValues\":{\"opacity\":0},\"animations\":{\"opacity\":1}}'>  <strong>\u0179R\u00d3D\u0141A:<\/strong><\/p>\n<ul>\n<li><em>Zagadnienia kulturalne P\u0142ocka w okresie dwudziestolecia<\/em>, Franciszek Dorobek, w: Notatki P\u0142ockie nr 2 (32), TNP, stycze\u0144 \u2013 marzec 1965<\/li>\n<li><em>Z\u0142ote lata kina<\/em>, Agnieszka Wo\u017aniak, w: Gazeta Wyborcza P\u0142ock, wyd. internet., 12 listopada 2004 [dost\u0119p: 26.11.2021]<\/li>\n<\/ul>\n<p><\/p><\/div><style>.ld_spacer_69e1c59b608b3{height:100px;}<\/style>\n<div class=\"ld-empty-space ld_spacer_69e1c59b608b3\"><\/div>[\/vc_column][\/vc_row]<\/p>\n","protected":false},"excerpt":{"rendered":"<p>[vc_row content_placement=&#8221;middle&#8221; bg_position=&#8221;right bottom&#8221; responsive_css=&#8221;padding_top_medium:70px|padding_bottom_medium:70px|padding_left_medium:4vw&#8221; css=&#8221;.vc_custom_1609873881074{padding-top: 50px !important;padding-bottom: 50px !important;background-position: 0 0 !important;background-repeat: no-repeat !important;}&#8221;][vc_column parallax=&#8221;yes&#8221; width=&#8221;1\/2&#8243; scale_from_x=&#8221;1&#8243; scale_from_y=&#8221;1&#8243; from_opacity=&#8221;1&#8243; scale_to_x=&#8221;1&#8243; scale_to_y=&#8221;1&#8243; to_opacity=&#8221;1&#8243; enable_overlay=&#8221;yes&#8221; bg_position=&#8221;center center&#8221; offset=&#8221;vc_col-md-4&#8243; responsive_css=&#8221;margin_bottom_medium:0px&#8221; css=&#8221;.vc_custom_1638649273200{margin-bottom: 40px !important;background-position: 0 0 !important;background-repeat: no-repeat !important;}&#8221;][\/vc_column][vc_column width=&#8221;1\/2&#8243;][vc_separator color=&#8221;custom&#8221; accent_color=&#8221;rgba(112,112,112,0.3)&#8221; css=&#8221;.vc_custom_1588697544183{margin-top: 0px !important;margin-bottom: 0.9em !important;}&#8221;][vc_separator color=&#8221;custom&#8221; accent_color=&#8221;rgba(112,112,112,0.3)&#8221; css=&#8221;.vc_custom_1588697544183{margin-top: 0px !important;margin-bottom: 0.9em !important;}&#8221;][\/vc_column][\/vc_row]<\/p>\n","protected":false},"author":2,"featured_media":0,"parent":0,"menu_order":0,"comment_status":"closed","ping_status":"closed","template":"","meta":{"footnotes":""},"class_list":["post-13889","page","type-page","status-publish","hentry"],"yoast_head":"<!-- This site is optimized with the Yoast SEO plugin v26.7 - https:\/\/yoast.com\/wordpress\/plugins\/seo\/ -->\n<title>Kino PETRO - FILMOWY P\u0141OCK<\/title>\n<meta name=\"robots\" content=\"index, follow, max-snippet:-1, max-image-preview:large, max-video-preview:-1\" \/>\n<link rel=\"canonical\" href=\"https:\/\/filmowyplock.pl\/?page_id=13889\" \/>\n<meta property=\"og:locale\" content=\"pl_PL\" \/>\n<meta property=\"og:type\" content=\"article\" \/>\n<meta property=\"og:title\" content=\"Kino PETRO - FILMOWY P\u0141OCK\" \/>\n<meta property=\"og:description\" content=\"[vc_row content_placement=&#8221;middle&#8221; bg_position=&#8221;right bottom&#8221; responsive_css=&#8221;padding_top_medium:70px|padding_bottom_medium:70px|padding_left_medium:4vw&#8221; css=&#8221;.vc_custom_1609873881074{padding-top: 50px !important;padding-bottom: 50px !important;background-position: 0 0 !important;background-repeat: no-repeat !important;}&#8221;][vc_column parallax=&#8221;yes&#8221; width=&#8221;1\/2&#8243; scale_from_x=&#8221;1&#8243; scale_from_y=&#8221;1&#8243; from_opacity=&#8221;1&#8243; scale_to_x=&#8221;1&#8243; scale_to_y=&#8221;1&#8243; to_opacity=&#8221;1&#8243; enable_overlay=&#8221;yes&#8221; bg_position=&#8221;center center&#8221; offset=&#8221;vc_col-md-4&#8243; responsive_css=&#8221;margin_bottom_medium:0px&#8221; css=&#8221;.vc_custom_1638649273200{margin-bottom: 40px !important;background-position: 0 0 !important;background-repeat: no-repeat !important;}&#8221;][\/vc_column][vc_column width=&#8221;1\/2&#8243;][vc_separator color=&#8221;custom&#8221; accent_color=&#8221;rgba(112,112,112,0.3)&#8221; css=&#8221;.vc_custom_1588697544183{margin-top: 0px !important;margin-bottom: 0.9em !important;}&#8221;][vc_separator color=&#8221;custom&#8221; accent_color=&#8221;rgba(112,112,112,0.3)&#8221; css=&#8221;.vc_custom_1588697544183{margin-top: 0px !important;margin-bottom: 0.9em !important;}&#8221;][\/vc_column][\/vc_row]\" \/>\n<meta property=\"og:url\" content=\"https:\/\/filmowyplock.pl\/?page_id=13889\" \/>\n<meta property=\"og:site_name\" content=\"FILMOWY P\u0141OCK\" \/>\n<meta property=\"article:modified_time\" content=\"2021-12-08T22:10:41+00:00\" \/>\n<meta property=\"og:image\" content=\"https:\/\/filmowyplock.pl\/wp-content\/uploads\/2021\/11\/7klasa_fp.jpg\" \/>\n\t<meta property=\"og:image:width\" content=\"1280\" \/>\n\t<meta property=\"og:image:height\" content=\"853\" \/>\n\t<meta property=\"og:image:type\" content=\"image\/jpeg\" \/>\n<meta name=\"twitter:card\" content=\"summary_large_image\" \/>\n<meta name=\"twitter:label1\" content=\"Szacowany czas czytania\" \/>\n\t<meta name=\"twitter:data1\" content=\"2 minuty\" \/>\n<script type=\"application\/ld+json\" class=\"yoast-schema-graph\">{\"@context\":\"https:\/\/schema.org\",\"@graph\":[{\"@type\":\"WebPage\",\"@id\":\"https:\/\/filmowyplock.pl\/?page_id=13889\",\"url\":\"https:\/\/filmowyplock.pl\/?page_id=13889\",\"name\":\"Kino PETRO - FILMOWY P\u0141OCK\",\"isPartOf\":{\"@id\":\"https:\/\/filmowyplock.pl\/#website\"},\"datePublished\":\"2021-12-08T22:07:26+00:00\",\"dateModified\":\"2021-12-08T22:10:41+00:00\",\"breadcrumb\":{\"@id\":\"https:\/\/filmowyplock.pl\/?page_id=13889#breadcrumb\"},\"inLanguage\":\"pl-PL\",\"potentialAction\":[{\"@type\":\"ReadAction\",\"target\":[\"https:\/\/filmowyplock.pl\/?page_id=13889\"]}]},{\"@type\":\"BreadcrumbList\",\"@id\":\"https:\/\/filmowyplock.pl\/?page_id=13889#breadcrumb\",\"itemListElement\":[{\"@type\":\"ListItem\",\"position\":1,\"name\":\"Strona g\u0142\u00f3wna\",\"item\":\"https:\/\/filmowyplock.pl\/\"},{\"@type\":\"ListItem\",\"position\":2,\"name\":\"Kino PETRO\"}]},{\"@type\":\"WebSite\",\"@id\":\"https:\/\/filmowyplock.pl\/#website\",\"url\":\"https:\/\/filmowyplock.pl\/\",\"name\":\"FILMOWY P\u0141OCK\",\"description\":\"Podr\u00f3\u017c po nakr\u0119conym mie\u015bcie\",\"publisher\":{\"@id\":\"https:\/\/filmowyplock.pl\/#organization\"},\"potentialAction\":[{\"@type\":\"SearchAction\",\"target\":{\"@type\":\"EntryPoint\",\"urlTemplate\":\"https:\/\/filmowyplock.pl\/?s={search_term_string}\"},\"query-input\":{\"@type\":\"PropertyValueSpecification\",\"valueRequired\":true,\"valueName\":\"search_term_string\"}}],\"inLanguage\":\"pl-PL\"},{\"@type\":\"Organization\",\"@id\":\"https:\/\/filmowyplock.pl\/#organization\",\"name\":\"Filmowy P\u0142ock\",\"url\":\"https:\/\/filmowyplock.pl\/\",\"logo\":{\"@type\":\"ImageObject\",\"inLanguage\":\"pl-PL\",\"@id\":\"https:\/\/filmowyplock.pl\/#\/schema\/logo\/image\/\",\"url\":\"https:\/\/filmowyplock.pl\/wp-content\/uploads\/2021\/11\/cropped-Untitled-1-copy.png\",\"contentUrl\":\"https:\/\/filmowyplock.pl\/wp-content\/uploads\/2021\/11\/cropped-Untitled-1-copy.png\",\"width\":512,\"height\":512,\"caption\":\"Filmowy P\u0142ock\"},\"image\":{\"@id\":\"https:\/\/filmowyplock.pl\/#\/schema\/logo\/image\/\"}}]}<\/script>\n<!-- \/ Yoast SEO plugin. -->","yoast_head_json":{"title":"Kino PETRO - FILMOWY P\u0141OCK","robots":{"index":"index","follow":"follow","max-snippet":"max-snippet:-1","max-image-preview":"max-image-preview:large","max-video-preview":"max-video-preview:-1"},"canonical":"https:\/\/filmowyplock.pl\/?page_id=13889","og_locale":"pl_PL","og_type":"article","og_title":"Kino PETRO - FILMOWY P\u0141OCK","og_description":"[vc_row content_placement=&#8221;middle&#8221; bg_position=&#8221;right bottom&#8221; responsive_css=&#8221;padding_top_medium:70px|padding_bottom_medium:70px|padding_left_medium:4vw&#8221; css=&#8221;.vc_custom_1609873881074{padding-top: 50px !important;padding-bottom: 50px !important;background-position: 0 0 !important;background-repeat: no-repeat !important;}&#8221;][vc_column parallax=&#8221;yes&#8221; width=&#8221;1\/2&#8243; scale_from_x=&#8221;1&#8243; scale_from_y=&#8221;1&#8243; from_opacity=&#8221;1&#8243; scale_to_x=&#8221;1&#8243; scale_to_y=&#8221;1&#8243; to_opacity=&#8221;1&#8243; enable_overlay=&#8221;yes&#8221; bg_position=&#8221;center center&#8221; offset=&#8221;vc_col-md-4&#8243; responsive_css=&#8221;margin_bottom_medium:0px&#8221; css=&#8221;.vc_custom_1638649273200{margin-bottom: 40px !important;background-position: 0 0 !important;background-repeat: no-repeat !important;}&#8221;][\/vc_column][vc_column width=&#8221;1\/2&#8243;][vc_separator color=&#8221;custom&#8221; accent_color=&#8221;rgba(112,112,112,0.3)&#8221; css=&#8221;.vc_custom_1588697544183{margin-top: 0px !important;margin-bottom: 0.9em !important;}&#8221;][vc_separator color=&#8221;custom&#8221; accent_color=&#8221;rgba(112,112,112,0.3)&#8221; css=&#8221;.vc_custom_1588697544183{margin-top: 0px !important;margin-bottom: 0.9em !important;}&#8221;][\/vc_column][\/vc_row]","og_url":"https:\/\/filmowyplock.pl\/?page_id=13889","og_site_name":"FILMOWY P\u0141OCK","article_modified_time":"2021-12-08T22:10:41+00:00","og_image":[{"width":1280,"height":853,"url":"https:\/\/filmowyplock.pl\/wp-content\/uploads\/2021\/11\/7klasa_fp.jpg","type":"image\/jpeg"}],"twitter_card":"summary_large_image","twitter_misc":{"Szacowany czas czytania":"2 minuty"},"schema":{"@context":"https:\/\/schema.org","@graph":[{"@type":"WebPage","@id":"https:\/\/filmowyplock.pl\/?page_id=13889","url":"https:\/\/filmowyplock.pl\/?page_id=13889","name":"Kino PETRO - FILMOWY P\u0141OCK","isPartOf":{"@id":"https:\/\/filmowyplock.pl\/#website"},"datePublished":"2021-12-08T22:07:26+00:00","dateModified":"2021-12-08T22:10:41+00:00","breadcrumb":{"@id":"https:\/\/filmowyplock.pl\/?page_id=13889#breadcrumb"},"inLanguage":"pl-PL","potentialAction":[{"@type":"ReadAction","target":["https:\/\/filmowyplock.pl\/?page_id=13889"]}]},{"@type":"BreadcrumbList","@id":"https:\/\/filmowyplock.pl\/?page_id=13889#breadcrumb","itemListElement":[{"@type":"ListItem","position":1,"name":"Strona g\u0142\u00f3wna","item":"https:\/\/filmowyplock.pl\/"},{"@type":"ListItem","position":2,"name":"Kino PETRO"}]},{"@type":"WebSite","@id":"https:\/\/filmowyplock.pl\/#website","url":"https:\/\/filmowyplock.pl\/","name":"FILMOWY P\u0141OCK","description":"Podr\u00f3\u017c po nakr\u0119conym mie\u015bcie","publisher":{"@id":"https:\/\/filmowyplock.pl\/#organization"},"potentialAction":[{"@type":"SearchAction","target":{"@type":"EntryPoint","urlTemplate":"https:\/\/filmowyplock.pl\/?s={search_term_string}"},"query-input":{"@type":"PropertyValueSpecification","valueRequired":true,"valueName":"search_term_string"}}],"inLanguage":"pl-PL"},{"@type":"Organization","@id":"https:\/\/filmowyplock.pl\/#organization","name":"Filmowy P\u0142ock","url":"https:\/\/filmowyplock.pl\/","logo":{"@type":"ImageObject","inLanguage":"pl-PL","@id":"https:\/\/filmowyplock.pl\/#\/schema\/logo\/image\/","url":"https:\/\/filmowyplock.pl\/wp-content\/uploads\/2021\/11\/cropped-Untitled-1-copy.png","contentUrl":"https:\/\/filmowyplock.pl\/wp-content\/uploads\/2021\/11\/cropped-Untitled-1-copy.png","width":512,"height":512,"caption":"Filmowy P\u0142ock"},"image":{"@id":"https:\/\/filmowyplock.pl\/#\/schema\/logo\/image\/"}}]}},"_links":{"self":[{"href":"https:\/\/filmowyplock.pl\/index.php?rest_route=\/wp\/v2\/pages\/13889","targetHints":{"allow":["GET"]}}],"collection":[{"href":"https:\/\/filmowyplock.pl\/index.php?rest_route=\/wp\/v2\/pages"}],"about":[{"href":"https:\/\/filmowyplock.pl\/index.php?rest_route=\/wp\/v2\/types\/page"}],"author":[{"embeddable":true,"href":"https:\/\/filmowyplock.pl\/index.php?rest_route=\/wp\/v2\/users\/2"}],"replies":[{"embeddable":true,"href":"https:\/\/filmowyplock.pl\/index.php?rest_route=%2Fwp%2Fv2%2Fcomments&post=13889"}],"version-history":[{"count":4,"href":"https:\/\/filmowyplock.pl\/index.php?rest_route=\/wp\/v2\/pages\/13889\/revisions"}],"predecessor-version":[{"id":13891,"href":"https:\/\/filmowyplock.pl\/index.php?rest_route=\/wp\/v2\/pages\/13889\/revisions\/13891"}],"wp:attachment":[{"href":"https:\/\/filmowyplock.pl\/index.php?rest_route=%2Fwp%2Fv2%2Fmedia&parent=13889"}],"curies":[{"name":"wp","href":"https:\/\/api.w.org\/{rel}","templated":true}]}}