{"id":13816,"date":"2021-12-08T08:07:00","date_gmt":"2021-12-08T08:07:00","guid":{"rendered":"https:\/\/filmowyplock.pl\/?page_id=13816"},"modified":"2021-12-08T08:18:22","modified_gmt":"2021-12-08T08:18:22","slug":"kino-corso","status":"publish","type":"page","link":"https:\/\/filmowyplock.pl\/?page_id=13816","title":{"rendered":"Kino CORSO"},"content":{"rendered":"<p>[vc_row content_placement=&#8221;middle&#8221; bg_position=&#8221;right bottom&#8221; responsive_css=&#8221;padding_top_medium:70px|padding_bottom_medium:70px|padding_left_medium:4vw&#8221; css=&#8221;.vc_custom_1609873881074{padding-top: 50px !important;padding-bottom: 50px !important;background-position: 0 0 !important;background-repeat: no-repeat !important;}&#8221;][vc_column parallax=&#8221;yes&#8221; width=&#8221;1\/2&#8243; scale_from_x=&#8221;1&#8243; scale_from_y=&#8221;1&#8243; from_opacity=&#8221;1&#8243; scale_to_x=&#8221;1&#8243; scale_to_y=&#8221;1&#8243; to_opacity=&#8221;1&#8243; enable_overlay=&#8221;yes&#8221; bg_position=&#8221;center center&#8221; offset=&#8221;vc_col-md-4&#8243; responsive_css=&#8221;margin_bottom_medium:0px&#8221; css=&#8221;.vc_custom_1638649273200{margin-bottom: 40px !important;background-position: 0 0 !important;background-repeat: no-repeat !important;}&#8221;]<style>.ld_spacer_69e1c4d67ccb2{height:100px;}<\/style>\n<div class=\"ld-empty-space ld_spacer_69e1c4d67ccb2\"><\/div><style>@media (min-width: 992px) { .ld_images_group_element_69e1c4d67ce9b {margin-right:2vw !important; margin-left:-8vw !important;  }  } @media (min-width: 992px) { .ld_images_group_element_69e1c4d67ce9b {margin-right:2vw !important; margin-left:-8vw !important;  }  } <\/style><div id=\"ld_images_group_element_69e1c4d67ce9b\" class=\"lqd-imggrp-single ld_images_group_element_69e1c4d67ce9b\" data-hover3d=\"true\"  >\n\t\n\t<div class=\"lqd-imggrp-img-container\" data-stacking-factor=\"1\"   >\n\t\t\n\t\t\t\t\n\t\t\t\t<figure ><img decoding=\"async\" width=\"567\" height=\"378\" src=\"https:\/\/filmowyplock.pl\/wp-content\/uploads\/2021\/12\/ZDJECIE_WZOR-kopia2-1.png\" class=\"attachment-full size-full\" alt=\"\" srcset=\"https:\/\/filmowyplock.pl\/wp-content\/uploads\/2021\/12\/ZDJECIE_WZOR-kopia2-1.png 567w, https:\/\/filmowyplock.pl\/wp-content\/uploads\/2021\/12\/ZDJECIE_WZOR-kopia2-1-300x200.png 300w\" sizes=\"(max-width: 567px) 100vw, 567px\" itemprop=\"image\" \/><\/figure>\t\t\t\t\t\t<a href=\"https:\/\/filmowyplock.pl\/wp-content\/uploads\/2021\/12\/ZDJECIE_WZOR-kopia2-1.png\" class=\"lqd-overlay lqd-fi-overlay-link lqd-cc-label-trigger fresco\" data-fresco-group=\"\"><\/a>\t\t\n\t<\/div><!-- \/.lqd-imggrp-content -->\n<\/div><!-- \/.lqd-imggrp-single --><style>.ld_spacer_69e1c4d67e4dd{height:100px;}<\/style>\n<div class=\"ld-empty-space ld_spacer_69e1c4d67e4dd\"><\/div>[\/vc_column][vc_column width=&#8221;1\/2&#8243;]<style>.ld_spacer_69e1c4d67e614{height:100px;}<\/style>\n<div class=\"ld-empty-space ld_spacer_69e1c4d67e614\"><\/div><style>.ld_fancy_heading_69e1c4d67e7a2 h1 {margin-bottom:4em !important;  } .ld_fancy_heading_69e1c4d67e7a2 .lqd-highlight-inner{height:0.275em!important;bottom:0px!important;}.ld_fancy_heading_69e1c4d67e7a2 h1 {margin-bottom:4em !important;  } <\/style><div class=\"ld-fancy-heading ld_fancy_heading_69e1c4d67e7a2\">\n\t<h1 class=\"ld-fh-element lqd-highlight-underline lqd-highlight-grow-left text-decoration-default\"   >  Kino CORSO<\/h1><\/div><style>.ld_fancy_heading_69e1c4d67f0d8 h3 {margin-bottom:4em !important;  } .ld_fancy_heading_69e1c4d67f0d8 .lqd-highlight-inner{height:0.275em!important;bottom:0px!important;}.ld_fancy_heading_69e1c4d67f0d8 h3 {margin-bottom:4em !important;  } <\/style><div class=\"ld-fancy-heading ld_fancy_heading_69e1c4d67f0d8\">\n\t<h3 class=\"ld-fh-element lqd-highlight-underline lqd-highlight-grow-left text-decoration-default\"   >  sala: <em>brak danych<\/em><br \/>\nsiedziba: <strong>ul. Tumska 9A<\/strong><br \/>\ndzia\u0142alno\u015b\u0107: <strong>do 1922<\/strong><br \/>\nstan: <strong>budynek istniej\u0105cy, zadbany<\/strong><\/h3><\/div>[vc_separator color=&#8221;custom&#8221; accent_color=&#8221;rgba(112,112,112,0.3)&#8221; css=&#8221;.vc_custom_1588697544183{margin-top: 0px !important;margin-bottom: 0.9em !important;}&#8221;]<style>.ld_fancy_heading_69e1c4d67fb18 .lqd-highlight-inner{height:0.275em!important;bottom:0px!important;}<\/style><div class=\"ld-fancy-heading ld_fancy_heading_69e1c4d67fb18\">\n\t<p class=\"ld-fh-element lqd-highlight-underline lqd-highlight-grow-left text-decoration-default lqd-split-lines\"   data-split-text=\"true\" data-split-options='{\"type\":\"lines\"}' data-custom-animations=\"true\" data-ca-options='{\"triggerHandler\":\"inview\",\"animationTarget\":\".lqd-lines > .split-inner\",\"duration\":\"1800\",\"delay\":\"80\",\"ease\":\"power4.out\",\"direction\":\"forward\",\"initValues\":{\"opacity\":0},\"animations\":{\"opacity\":1}}'>  Budynek przy ul. Tumskiej 9A w P\u0142ocku powsta\u0142 w latach 70. XIX wieku jako koszary dla wojska. Za czas\u00f3w Kr\u00f3lestwa Polskiego korzysta\u0142 z niego te\u017c S\u0105d Okr\u0119gowy i Biuro Prokuratora. Potem by\u0142 tu hotel Europejski, zwany te\u017c Angielskim. W latach dwudziestych XX wieku, do\u015b\u0107 kr\u00f3tko dzia\u0142a\u0142 to kino CORSO -w\u0142asno\u015b\u0107 sp\u00f3\u0142ki utworzonej przez Stefana Kieffera, Zygmunta Paprockiego i Stefana Kuhna (zamkni\u0119te w 1922 roku) , a po wojnie od 1957 roku 90-osobowe kino METALOWIEC.<\/p>\n<p>Dzi\u015b to siedziba M\u0142odzie\u017cowego Domu Kultury w P\u0142ocku.<\/p><\/div>[vc_separator color=&#8221;custom&#8221; accent_color=&#8221;rgba(112,112,112,0.3)&#8221; css=&#8221;.vc_custom_1588697544183{margin-top: 0px !important;margin-bottom: 0.9em !important;}&#8221;]<style>.ld_fancy_heading_69e1c4d67feb5 .lqd-highlight-inner{height:0.275em!important;bottom:0px!important;}<\/style><div class=\"ld-fancy-heading ld_fancy_heading_69e1c4d67feb5\">\n\t<p class=\"ld-fh-element lqd-highlight-underline lqd-highlight-grow-left text-decoration-default lqd-split-lines\"  data-inview=\"true\" data-transition-delay=\"true\" data-delay-options=\"{&quot;elements&quot;:&quot;.lqd-highlight-inner&quot;,&quot;delayType&quot;:&quot;transition&quot;}\"  data-split-text=\"true\" data-split-options='{\"type\":\"lines\"}' data-custom-animations=\"true\" data-ca-options='{\"triggerHandler\":\"inview\",\"animationTarget\":\".lqd-lines > .split-inner\",\"duration\":\"1800\",\"delay\":\"80\",\"ease\":\"power4.out\",\"direction\":\"forward\",\"initValues\":{\"opacity\":0},\"animations\":{\"opacity\":1}}'>  <strong>\u0179R\u00d3D\u0141A:<\/strong><\/p>\n<ul>\n<li>\u00a0 <em>Kino w mi\u0119dzywojenny P\u0142ocku<\/em>, Micha\u0142 Sokolnicki, w: Notatki P\u0142ockie 2009 nr 54\/4, s. 16-21<\/li>\n<\/ul>\n<p><mark class=\"lqd-highlight\"><span class=\"lqd-highlight-txt\"  ><\/span><span class=\"lqd-highlight-inner\"><svg class=\"lqd-highlight-brush-svg\" xmlns=\"http:\/\/www.w3.org\/2000\/svg\" width=\"235.509\" height=\"13.504\" viewBox=\"0 0 235.509 13.504\" aria-hidden=\"true\" preserveAspectRatio=\"none\"><path d=\"M163,.383a13.044,13.044,0,0,1,1.517-.072,3.528,3.528,0,0,1,1.237-.134q.618.044,1.237.044a.249.249,0,0,1-.1.178.337.337,0,0,0-.1.266q3.092.088,6.184-.044T178.953.4l-.206-.088a12,12,0,0,0,4.123,0,13.467,13.467,0,0,1,5.772,0q1.443-.178,2.68-.266A5.978,5.978,0,0,1,193.8.4,16.707,16.707,0,0,1,198.01.045q2.164.088,4.844.088-.618.088-.824.134L201.412.4a3.893,3.893,0,0,0,2.061,0,5.413,5.413,0,0,1,1.649-.356q.618.088,1.134.178a9.762,9.762,0,0,0,1.544.09,17,17,0,0,1,3.092-.266q1.649,0,3.5.178,2.886.088,5.875.044t5.875-.222q0,.088.206.088h.412a21.975,21.975,0,0,0,2.577.889A12.458,12.458,0,0,1,232.12,2.18a3.962,3.962,0,0,1,1.031.622A3.349,3.349,0,0,1,234.8,3.825a5.079,5.079,0,0,1,.618,1.111q.412.534-1.031.98-1.031.444-.618.98a2.09,2.09,0,0,1,.206.889q0,.444.825.889.618.8-.206,1.245l-1.237.534q-1.443-.088-2.68-.134a17.255,17.255,0,0,1-2.267-.222,3.128,3.128,0,0,0-.928-.044,3.129,3.129,0,0,1-.928-.044q-2.267-.178-4.432-.266T217.7,9.476q-1.649-.088-2.886-.088a17.343,17.343,0,0,1-2.474-.178q-3.916,0-7.73-.088t-7.73-.266l-12.471-.178q-6.287-.088-12.883-.088h-1.958q-.928,0-1.958.088h-2.061q-1.031,0-2.061-.088-2.68-.088-5.256-.134t-5.256.044h-5.462q-2.577,0-5.462.088-4.535.088-8.76.178t-8.554.088q-2.886.088-5.875.088t-5.875.088q-1.443.088-2.886.134t-3.092.044q-4.741.178-9.791.312t-9.791.312q-2.267.088-4.329.088T78.77,10.1q-4.329.266-8.863.49t-9.276.49q-1.237.088-2.68.134a24.356,24.356,0,0,0-2.683.224q-2.68.178-5.462.312t-5.668.4q-2.474.266-4.741.312t-4.741.044q-1.031-.088-1.958-.134a9.684,9.684,0,0,1-1.958-.312,12.5,12.5,0,0,0-1.443-.312q-.825-.134-1.856-.31-2.886.356-6.39.666t-6.8.845a26.709,26.709,0,0,1-2.886.356,20.758,20.758,0,0,1-9.482-.889Q.232,11.962.026,11.25T1.263,9.917q0-.266.825-.266a13.039,13.039,0,0,0,2.886-.444A17.187,17.187,0,0,1,7.86,8.672q3.092-.266,6.184-.8,1.649-.178,3.3-.312t3.5-.312q4.123-.354,8.039-.712t8.039-.622q9.478-.8,18.758-1.338,2.68-.178,5.153-.356t4.741-.356q2.474-.178,5.05-.356T75.88,3.24h1.34a4.829,4.829,0,0,0,1.34-.178q2.267-.178,4.329-.222t4.329-.134a7.256,7.256,0,0,1,2.267,0,3.459,3.459,0,0,0,1.031-.088,6.009,6.009,0,0,1,2.37-.266,14.745,14.745,0,0,0,2.783-.088q1.649,0,2.474.088a1.308,1.308,0,0,1,.185.011,1.226,1.226,0,0,1,.33-.1,3.656,3.656,0,0,0,.515-.088,4.433,4.433,0,0,1,2.886.266q.412-.088,1.031-.178l1.237-.178q.412,0,1.031.044a5.761,5.761,0,0,0,1.237-.044q2.886-.088,5.772-.044a53.829,53.829,0,0,0,5.772-.222,9.505,9.505,0,0,1,1.34-.088h1.34a4.428,4.428,0,0,1,.821-.258l.825-.178a15.178,15.178,0,0,1,1.855.444,3.028,3.028,0,0,1,1.031-.534,4.039,4.039,0,0,1,1.443-.178,6.158,6.158,0,0,1,1.649.178,5.05,5.05,0,0,0,2.267.268q1.855-.088,3.813-.134T138.13,1.2q1.031,0,2.164-.044t2.37-.044q-.206-.088.412-.534h3.092q.412,0,.309.266t.928,0a5.845,5.845,0,0,1,1.443,0,31.833,31.833,0,0,0,5.359.088,21.471,21.471,0,0,1,6.8.178,5.236,5.236,0,0,0,1.031-.4q.412-.222.825-.4a.694.694,0,0,1,.137.07Z\" transform=\"translate(0 0.002)\"\/><\/svg><\/span><\/mark><\/p><\/div><style>.ld_spacer_69e1c4d68022f{height:100px;}<\/style>\n<div class=\"ld-empty-space ld_spacer_69e1c4d68022f\"><\/div>[\/vc_column][\/vc_row]<\/p>\n","protected":false},"excerpt":{"rendered":"<p>[vc_row content_placement=&#8221;middle&#8221; bg_position=&#8221;right bottom&#8221; responsive_css=&#8221;padding_top_medium:70px|padding_bottom_medium:70px|padding_left_medium:4vw&#8221; css=&#8221;.vc_custom_1609873881074{padding-top: 50px !important;padding-bottom: 50px !important;background-position: 0 0 !important;background-repeat: no-repeat !important;}&#8221;][vc_column parallax=&#8221;yes&#8221; width=&#8221;1\/2&#8243; scale_from_x=&#8221;1&#8243; scale_from_y=&#8221;1&#8243; from_opacity=&#8221;1&#8243; scale_to_x=&#8221;1&#8243; scale_to_y=&#8221;1&#8243; to_opacity=&#8221;1&#8243; enable_overlay=&#8221;yes&#8221; bg_position=&#8221;center center&#8221; offset=&#8221;vc_col-md-4&#8243; responsive_css=&#8221;margin_bottom_medium:0px&#8221; css=&#8221;.vc_custom_1638649273200{margin-bottom: 40px !important;background-position: 0 0 !important;background-repeat: no-repeat !important;}&#8221;][\/vc_column][vc_column width=&#8221;1\/2&#8243;][vc_separator color=&#8221;custom&#8221; accent_color=&#8221;rgba(112,112,112,0.3)&#8221; css=&#8221;.vc_custom_1588697544183{margin-top: 0px !important;margin-bottom: 0.9em !important;}&#8221;][vc_separator color=&#8221;custom&#8221; accent_color=&#8221;rgba(112,112,112,0.3)&#8221; css=&#8221;.vc_custom_1588697544183{margin-top: 0px !important;margin-bottom: 0.9em !important;}&#8221;][\/vc_column][\/vc_row]<\/p>\n","protected":false},"author":2,"featured_media":0,"parent":0,"menu_order":0,"comment_status":"closed","ping_status":"closed","template":"","meta":{"footnotes":""},"class_list":["post-13816","page","type-page","status-publish","hentry"],"yoast_head":"<!-- This site is optimized with the Yoast SEO plugin v26.7 - https:\/\/yoast.com\/wordpress\/plugins\/seo\/ -->\n<title>Kino CORSO - FILMOWY P\u0141OCK<\/title>\n<meta name=\"robots\" content=\"index, follow, max-snippet:-1, max-image-preview:large, max-video-preview:-1\" \/>\n<link rel=\"canonical\" href=\"https:\/\/filmowyplock.pl\/?page_id=13816\" \/>\n<meta property=\"og:locale\" content=\"pl_PL\" \/>\n<meta property=\"og:type\" content=\"article\" \/>\n<meta property=\"og:title\" content=\"Kino CORSO - FILMOWY P\u0141OCK\" \/>\n<meta property=\"og:description\" content=\"[vc_row content_placement=&#8221;middle&#8221; bg_position=&#8221;right bottom&#8221; responsive_css=&#8221;padding_top_medium:70px|padding_bottom_medium:70px|padding_left_medium:4vw&#8221; css=&#8221;.vc_custom_1609873881074{padding-top: 50px !important;padding-bottom: 50px !important;background-position: 0 0 !important;background-repeat: no-repeat !important;}&#8221;][vc_column parallax=&#8221;yes&#8221; width=&#8221;1\/2&#8243; scale_from_x=&#8221;1&#8243; scale_from_y=&#8221;1&#8243; from_opacity=&#8221;1&#8243; scale_to_x=&#8221;1&#8243; scale_to_y=&#8221;1&#8243; to_opacity=&#8221;1&#8243; enable_overlay=&#8221;yes&#8221; bg_position=&#8221;center center&#8221; offset=&#8221;vc_col-md-4&#8243; responsive_css=&#8221;margin_bottom_medium:0px&#8221; css=&#8221;.vc_custom_1638649273200{margin-bottom: 40px !important;background-position: 0 0 !important;background-repeat: no-repeat !important;}&#8221;][\/vc_column][vc_column width=&#8221;1\/2&#8243;][vc_separator color=&#8221;custom&#8221; accent_color=&#8221;rgba(112,112,112,0.3)&#8221; css=&#8221;.vc_custom_1588697544183{margin-top: 0px !important;margin-bottom: 0.9em !important;}&#8221;][vc_separator color=&#8221;custom&#8221; accent_color=&#8221;rgba(112,112,112,0.3)&#8221; css=&#8221;.vc_custom_1588697544183{margin-top: 0px !important;margin-bottom: 0.9em !important;}&#8221;][\/vc_column][\/vc_row]\" \/>\n<meta property=\"og:url\" content=\"https:\/\/filmowyplock.pl\/?page_id=13816\" \/>\n<meta property=\"og:site_name\" content=\"FILMOWY P\u0141OCK\" \/>\n<meta property=\"article:modified_time\" content=\"2021-12-08T08:18:22+00:00\" \/>\n<meta property=\"og:image\" content=\"https:\/\/filmowyplock.pl\/wp-content\/uploads\/2021\/11\/7klasa_fp.jpg\" \/>\n\t<meta property=\"og:image:width\" content=\"1280\" \/>\n\t<meta property=\"og:image:height\" content=\"853\" \/>\n\t<meta property=\"og:image:type\" content=\"image\/jpeg\" \/>\n<meta name=\"twitter:card\" content=\"summary_large_image\" \/>\n<meta name=\"twitter:label1\" content=\"Szacowany czas czytania\" \/>\n\t<meta name=\"twitter:data1\" content=\"2 minuty\" \/>\n<script type=\"application\/ld+json\" class=\"yoast-schema-graph\">{\"@context\":\"https:\/\/schema.org\",\"@graph\":[{\"@type\":\"WebPage\",\"@id\":\"https:\/\/filmowyplock.pl\/?page_id=13816\",\"url\":\"https:\/\/filmowyplock.pl\/?page_id=13816\",\"name\":\"Kino CORSO - FILMOWY P\u0141OCK\",\"isPartOf\":{\"@id\":\"https:\/\/filmowyplock.pl\/#website\"},\"datePublished\":\"2021-12-08T08:07:00+00:00\",\"dateModified\":\"2021-12-08T08:18:22+00:00\",\"breadcrumb\":{\"@id\":\"https:\/\/filmowyplock.pl\/?page_id=13816#breadcrumb\"},\"inLanguage\":\"pl-PL\",\"potentialAction\":[{\"@type\":\"ReadAction\",\"target\":[\"https:\/\/filmowyplock.pl\/?page_id=13816\"]}]},{\"@type\":\"BreadcrumbList\",\"@id\":\"https:\/\/filmowyplock.pl\/?page_id=13816#breadcrumb\",\"itemListElement\":[{\"@type\":\"ListItem\",\"position\":1,\"name\":\"Strona g\u0142\u00f3wna\",\"item\":\"https:\/\/filmowyplock.pl\/\"},{\"@type\":\"ListItem\",\"position\":2,\"name\":\"Kino CORSO\"}]},{\"@type\":\"WebSite\",\"@id\":\"https:\/\/filmowyplock.pl\/#website\",\"url\":\"https:\/\/filmowyplock.pl\/\",\"name\":\"FILMOWY P\u0141OCK\",\"description\":\"Podr\u00f3\u017c po nakr\u0119conym mie\u015bcie\",\"publisher\":{\"@id\":\"https:\/\/filmowyplock.pl\/#organization\"},\"potentialAction\":[{\"@type\":\"SearchAction\",\"target\":{\"@type\":\"EntryPoint\",\"urlTemplate\":\"https:\/\/filmowyplock.pl\/?s={search_term_string}\"},\"query-input\":{\"@type\":\"PropertyValueSpecification\",\"valueRequired\":true,\"valueName\":\"search_term_string\"}}],\"inLanguage\":\"pl-PL\"},{\"@type\":\"Organization\",\"@id\":\"https:\/\/filmowyplock.pl\/#organization\",\"name\":\"Filmowy P\u0142ock\",\"url\":\"https:\/\/filmowyplock.pl\/\",\"logo\":{\"@type\":\"ImageObject\",\"inLanguage\":\"pl-PL\",\"@id\":\"https:\/\/filmowyplock.pl\/#\/schema\/logo\/image\/\",\"url\":\"https:\/\/filmowyplock.pl\/wp-content\/uploads\/2021\/11\/cropped-Untitled-1-copy.png\",\"contentUrl\":\"https:\/\/filmowyplock.pl\/wp-content\/uploads\/2021\/11\/cropped-Untitled-1-copy.png\",\"width\":512,\"height\":512,\"caption\":\"Filmowy P\u0142ock\"},\"image\":{\"@id\":\"https:\/\/filmowyplock.pl\/#\/schema\/logo\/image\/\"}}]}<\/script>\n<!-- \/ Yoast SEO plugin. -->","yoast_head_json":{"title":"Kino CORSO - FILMOWY P\u0141OCK","robots":{"index":"index","follow":"follow","max-snippet":"max-snippet:-1","max-image-preview":"max-image-preview:large","max-video-preview":"max-video-preview:-1"},"canonical":"https:\/\/filmowyplock.pl\/?page_id=13816","og_locale":"pl_PL","og_type":"article","og_title":"Kino CORSO - FILMOWY P\u0141OCK","og_description":"[vc_row content_placement=&#8221;middle&#8221; bg_position=&#8221;right bottom&#8221; responsive_css=&#8221;padding_top_medium:70px|padding_bottom_medium:70px|padding_left_medium:4vw&#8221; css=&#8221;.vc_custom_1609873881074{padding-top: 50px !important;padding-bottom: 50px !important;background-position: 0 0 !important;background-repeat: no-repeat !important;}&#8221;][vc_column parallax=&#8221;yes&#8221; width=&#8221;1\/2&#8243; scale_from_x=&#8221;1&#8243; scale_from_y=&#8221;1&#8243; from_opacity=&#8221;1&#8243; scale_to_x=&#8221;1&#8243; scale_to_y=&#8221;1&#8243; to_opacity=&#8221;1&#8243; enable_overlay=&#8221;yes&#8221; bg_position=&#8221;center center&#8221; offset=&#8221;vc_col-md-4&#8243; responsive_css=&#8221;margin_bottom_medium:0px&#8221; css=&#8221;.vc_custom_1638649273200{margin-bottom: 40px !important;background-position: 0 0 !important;background-repeat: no-repeat !important;}&#8221;][\/vc_column][vc_column width=&#8221;1\/2&#8243;][vc_separator color=&#8221;custom&#8221; accent_color=&#8221;rgba(112,112,112,0.3)&#8221; css=&#8221;.vc_custom_1588697544183{margin-top: 0px !important;margin-bottom: 0.9em !important;}&#8221;][vc_separator color=&#8221;custom&#8221; accent_color=&#8221;rgba(112,112,112,0.3)&#8221; css=&#8221;.vc_custom_1588697544183{margin-top: 0px !important;margin-bottom: 0.9em !important;}&#8221;][\/vc_column][\/vc_row]","og_url":"https:\/\/filmowyplock.pl\/?page_id=13816","og_site_name":"FILMOWY P\u0141OCK","article_modified_time":"2021-12-08T08:18:22+00:00","og_image":[{"width":1280,"height":853,"url":"https:\/\/filmowyplock.pl\/wp-content\/uploads\/2021\/11\/7klasa_fp.jpg","type":"image\/jpeg"}],"twitter_card":"summary_large_image","twitter_misc":{"Szacowany czas czytania":"2 minuty"},"schema":{"@context":"https:\/\/schema.org","@graph":[{"@type":"WebPage","@id":"https:\/\/filmowyplock.pl\/?page_id=13816","url":"https:\/\/filmowyplock.pl\/?page_id=13816","name":"Kino CORSO - FILMOWY P\u0141OCK","isPartOf":{"@id":"https:\/\/filmowyplock.pl\/#website"},"datePublished":"2021-12-08T08:07:00+00:00","dateModified":"2021-12-08T08:18:22+00:00","breadcrumb":{"@id":"https:\/\/filmowyplock.pl\/?page_id=13816#breadcrumb"},"inLanguage":"pl-PL","potentialAction":[{"@type":"ReadAction","target":["https:\/\/filmowyplock.pl\/?page_id=13816"]}]},{"@type":"BreadcrumbList","@id":"https:\/\/filmowyplock.pl\/?page_id=13816#breadcrumb","itemListElement":[{"@type":"ListItem","position":1,"name":"Strona g\u0142\u00f3wna","item":"https:\/\/filmowyplock.pl\/"},{"@type":"ListItem","position":2,"name":"Kino CORSO"}]},{"@type":"WebSite","@id":"https:\/\/filmowyplock.pl\/#website","url":"https:\/\/filmowyplock.pl\/","name":"FILMOWY P\u0141OCK","description":"Podr\u00f3\u017c po nakr\u0119conym mie\u015bcie","publisher":{"@id":"https:\/\/filmowyplock.pl\/#organization"},"potentialAction":[{"@type":"SearchAction","target":{"@type":"EntryPoint","urlTemplate":"https:\/\/filmowyplock.pl\/?s={search_term_string}"},"query-input":{"@type":"PropertyValueSpecification","valueRequired":true,"valueName":"search_term_string"}}],"inLanguage":"pl-PL"},{"@type":"Organization","@id":"https:\/\/filmowyplock.pl\/#organization","name":"Filmowy P\u0142ock","url":"https:\/\/filmowyplock.pl\/","logo":{"@type":"ImageObject","inLanguage":"pl-PL","@id":"https:\/\/filmowyplock.pl\/#\/schema\/logo\/image\/","url":"https:\/\/filmowyplock.pl\/wp-content\/uploads\/2021\/11\/cropped-Untitled-1-copy.png","contentUrl":"https:\/\/filmowyplock.pl\/wp-content\/uploads\/2021\/11\/cropped-Untitled-1-copy.png","width":512,"height":512,"caption":"Filmowy P\u0142ock"},"image":{"@id":"https:\/\/filmowyplock.pl\/#\/schema\/logo\/image\/"}}]}},"_links":{"self":[{"href":"https:\/\/filmowyplock.pl\/index.php?rest_route=\/wp\/v2\/pages\/13816","targetHints":{"allow":["GET"]}}],"collection":[{"href":"https:\/\/filmowyplock.pl\/index.php?rest_route=\/wp\/v2\/pages"}],"about":[{"href":"https:\/\/filmowyplock.pl\/index.php?rest_route=\/wp\/v2\/types\/page"}],"author":[{"embeddable":true,"href":"https:\/\/filmowyplock.pl\/index.php?rest_route=\/wp\/v2\/users\/2"}],"replies":[{"embeddable":true,"href":"https:\/\/filmowyplock.pl\/index.php?rest_route=%2Fwp%2Fv2%2Fcomments&post=13816"}],"version-history":[{"count":5,"href":"https:\/\/filmowyplock.pl\/index.php?rest_route=\/wp\/v2\/pages\/13816\/revisions"}],"predecessor-version":[{"id":13819,"href":"https:\/\/filmowyplock.pl\/index.php?rest_route=\/wp\/v2\/pages\/13816\/revisions\/13819"}],"wp:attachment":[{"href":"https:\/\/filmowyplock.pl\/index.php?rest_route=%2Fwp%2Fv2%2Fmedia&parent=13816"}],"curies":[{"name":"wp","href":"https:\/\/api.w.org\/{rel}","templated":true}]}}