{"id":13681,"date":"2021-12-04T20:23:31","date_gmt":"2021-12-04T20:23:31","guid":{"rendered":"http:\/\/filmowyplock.pl\/?page_id=13681"},"modified":"2021-12-12T11:09:54","modified_gmt":"2021-12-12T11:09:54","slug":"tadeusz-wybult","status":"publish","type":"page","link":"https:\/\/filmowyplock.pl\/?page_id=13681","title":{"rendered":"Tadeusz Wybult"},"content":{"rendered":"<p>[vc_row content_placement=&#8221;middle&#8221; bg_position=&#8221;right bottom&#8221; responsive_css=&#8221;padding_top_medium:70px|padding_bottom_medium:70px|padding_left_medium:4vw&#8221; css=&#8221;.vc_custom_1609873881074{padding-top: 50px !important;padding-bottom: 50px !important;background-position: 0 0 !important;background-repeat: no-repeat !important;}&#8221;][vc_column parallax=&#8221;yes&#8221; width=&#8221;1\/2&#8243; scale_from_x=&#8221;1&#8243; scale_from_y=&#8221;1&#8243; from_opacity=&#8221;1&#8243; scale_to_x=&#8221;1&#8243; scale_to_y=&#8221;1&#8243; to_opacity=&#8221;1&#8243; enable_overlay=&#8221;yes&#8221; bg_position=&#8221;center center&#8221; offset=&#8221;vc_col-md-4&#8243; responsive_css=&#8221;margin_bottom_medium:0px&#8221; css=&#8221;.vc_custom_1638649273200{margin-bottom: 40px !important;background-position: 0 0 !important;background-repeat: no-repeat !important;}&#8221;]<style>@media (min-width: 992px) { .ld_images_group_element_69e1c68905b25 {margin-right:2vw !important; margin-left:-8vw !important;  }  } @media (min-width: 992px) { .ld_images_group_element_69e1c68905b25 {margin-right:2vw !important; margin-left:-8vw !important;  }  } <\/style><div id=\"ld_images_group_element_69e1c68905b25\" class=\"lqd-imggrp-single ld_images_group_element_69e1c68905b25\" data-hover3d=\"true\"  >\n\t\n\t<div class=\"lqd-imggrp-img-container\" data-stacking-factor=\"1\"   >\n\t\t\n\t\t\t\t\n\t\t\t\t<figure ><img decoding=\"async\" width=\"1181\" height=\"1660\" src=\"https:\/\/filmowyplock.pl\/wp-content\/uploads\/2021\/12\/B2-kopia.jpg\" class=\"attachment-full size-full\" alt=\"\" srcset=\"https:\/\/filmowyplock.pl\/wp-content\/uploads\/2021\/12\/B2-kopia.jpg 1181w, https:\/\/filmowyplock.pl\/wp-content\/uploads\/2021\/12\/B2-kopia-213x300.jpg 213w, https:\/\/filmowyplock.pl\/wp-content\/uploads\/2021\/12\/B2-kopia-729x1024.jpg 729w\" sizes=\"(max-width: 1181px) 100vw, 1181px\" itemprop=\"image\" \/><\/figure>\t\t\t\t\t\t\t\t\n\t<\/div><!-- \/.lqd-imggrp-content -->\n<\/div><!-- \/.lqd-imggrp-single -->[\/vc_column][vc_column width=&#8221;1\/2&#8243;]<style>.ld_spacer_69e1c6890777b{height:100px;}<\/style>\n<div class=\"ld-empty-space ld_spacer_69e1c6890777b\"><\/div><style>.ld_fancy_heading_69e1c689079e1 h2 {margin-bottom:4em !important;  } .ld_fancy_heading_69e1c689079e1 .lqd-highlight-inner{height:0.275em!important;bottom:0px!important;}.ld_fancy_heading_69e1c689079e1 h2 {margin-bottom:4em !important;  } <\/style><div class=\"ld-fancy-heading ld_fancy_heading_69e1c689079e1\">\n\t<h2 class=\"ld-fh-element lqd-highlight-underline lqd-highlight-grow-left text-decoration-default\"   >  Tadeusz Wybult<\/h2><\/div><style>.ld_fancy_heading_69e1c6890843f h3 {margin-bottom:4em !important;  } .ld_fancy_heading_69e1c6890843f .lqd-highlight-inner{height:0.275em!important;bottom:0px!important;}.ld_fancy_heading_69e1c6890843f h3 {margin-bottom:4em !important;  } <\/style><div class=\"ld-fancy-heading ld_fancy_heading_69e1c6890843f\">\n\t<h3 class=\"ld-fh-element lqd-highlight-underline lqd-highlight-grow-left text-decoration-default\"   >  1921 &#8211; 2004<\/h3><\/div>[vc_separator color=&#8221;custom&#8221; accent_color=&#8221;rgba(112,112,112,0.3)&#8221; css=&#8221;.vc_custom_1588697544183{margin-top: 0px !important;margin-bottom: 0.9em !important;}&#8221;]<style>.ld_fancy_heading_69e1c68908eb3 .lqd-highlight-inner{height:0.275em!important;bottom:0px!important;}<\/style><div class=\"ld-fancy-heading ld_fancy_heading_69e1c68908eb3\">\n\t<p class=\"ld-fh-element lqd-highlight-underline lqd-highlight-grow-left text-decoration-default lqd-split-lines\"   data-split-text=\"true\" data-split-options='{\"type\":\"lines\"}' data-custom-animations=\"true\" data-ca-options='{\"triggerHandler\":\"inview\",\"animationTarget\":\".lqd-lines > .split-inner\",\"duration\":\"1800\",\"delay\":\"80\",\"ease\":\"power4.out\",\"direction\":\"forward\",\"initValues\":{\"opacity\":0},\"animations\":{\"opacity\":1}}'>  Wybitny polski scenograf, pokocha\u0142 \u015bwiat filmowy z wzajemno\u015bci\u0105. Wsp\u00f3\u0142pracowa\u0142 m.in. z Fordem (1960: Krzy\u017cacy), Kawalerowiczem (1960: Matka Joanna od Anio\u0142\u00f3w), R\u00f3\u017cewiczem (1961: \u015awiadectwo urodzenia), Barej\u0105 (1963: \u017bona dla Australijczyka), Zanussim (1966: Sublokator, 1969: Struktura kryszta\u0142u, 1970: \u017bycie rodzinne, 1976: Barwy ochronne), Wajd\u0105 (1972: Wesele) i Majewskim (1962: Szpital, 1966: Sublokator, 1970: Lokis, 1975: Zakl\u0119te rewiry), \u017bebrowskim (1978: Szpital przemienienia).<\/p>\n<p>Urodzi\u0142 si\u0119 12 stycznia 1921 roku w P\u0142ocku. By\u0142 synem Franciszka Wybulta (1897-1969) p\u0142ockiego dziennikarza (m.in. Kurier Mazowiecki, Dziennik P\u0142ocki, Jedno\u015b\u0107, Wiadomo\u015bci P\u0142ockie) i regionalisty. Uko\u0144czy\u0142 p\u0142ock\u0105 Miechowiank\u0119, a nast\u0119pnie, w 1953 roku, Wydzia\u0142u Architektury Wn\u0119trz Politechniki Wroc\u0142awskiej. W 1977 roku zosta\u0142 odznaczony jako Zas\u0142u\u017cony Dzia\u0142acz Kultury.<\/p>\n<p>Z natury cichy i spokojny, w filmie by\u0142 tytanem pracy, wizjonerem. Gdy okaza\u0142o si\u0119, podczas kr\u0119cenia scen ta\u0144ca w \u201eWeselu\u201d, przestrze\u0144 jest zbyt du\u017ca i nie uda si\u0119 odda\u0107 klimatu zat\u0142oczonej wiejskiej cha\u0142upy, kaza\u0142\u2026 przesun\u0105\u0107 \u015bciany \u2013 wspomina\u0142 w P\u0142ocku operator filmowy &#8211; Tadeusz Sobolewski.<\/p>\n<p>\u201eKiedy dowiedzia\u0142 si\u0119, \u017ce w \u201eSzpitalu Przemienienia\u201d b\u0119dzie sonata Waldsteinowska, odbyli\u015bmy d\u0142ug\u0105 rozmow\u0119 przy kwartetach Beethovena o tym, jak Beethoven mo\u017ce si\u0119 mie\u0107 do inteligenckich los\u00f3w. Dopiero p\u00f3\u017aniej przeszli\u015bmy do kwestii, jakie maj\u0105 by\u0107 wn\u0119trza. Kiedy powiedzia\u0142em, \u017ce has\u0142em filmu jest izolacja &#8211; zdj\u0119cia kr\u0119cili\u015bmy w Tworkach &#8211; Wybult zbudowa\u0142 na planie mur, kt\u00f3ry zagra\u0142 zaledwie w dw\u00f3ch czy trzech uj\u0119ciach. Ale on chcia\u0142 mie\u0107 taki kafkowski mur &#8211; jako metafor\u0119 tego szpitala\u201d &#8211; wspomina\u0142 na \u0142amach Wyborczej Edward \u017bebrowski.<\/p>\n<p>\u201ePan Tadeusz \u0142\u0105czy\u0142 w swoich projektach subtelne natchnienie z \u017celaznym trzymaniem si\u0119 klasycznych zasad kompozycji, proporcji, stylu i epoki. Rozmi\u0142owany w zabytkach i antykach, preferowa\u0142 filmy kostiumowe, ale i wsp\u00f3\u0142czesno\u015b\u0107 czu\u0142 doskonale.\u201d \u2013 wspomina\u0142 go Janusz Majewski. Podobno by\u0142 te\u017c \u201ewyj\u0105tkowym ekscentrykiem, kt\u00f3rego otacza\u0142a aura tajemniczo\u015bci.\u201d<\/p>\n<p>Dla wielu by\u0142 niedo\u015bcignionym wzorem. W filmie Jerzego W\u00f3jcika \u201eTadeusz Wybult. Portret w przestrzeni\u201d zdobywcy wielu nagr\u00f3d: Ewa Braun i Allan Starski (oboje nagrodzeni Oscarem za \u201eList\u0119 Schindlera\u201d) wypowiadaj\u0105 si\u0119 o nim jednoznacznie: nasz mistrz.<br \/>\n<\/p><\/div><style>.ld_spacer_69e1c68909272{height:100px;}<\/style>\n<div class=\"ld-empty-space ld_spacer_69e1c68909272\"><\/div><style>.ld_fancy_heading_69e1c6890947b .lqd-highlight-inner{height:0.275em!important;bottom:0px!important;}<\/style><div class=\"ld-fancy-heading ld_fancy_heading_69e1c6890947b\">\n\t<p class=\"ld-fh-element lqd-highlight-underline lqd-highlight-grow-left text-decoration-default lqd-split-lines\"   data-split-text=\"true\" data-split-options='{\"type\":\"lines\"}' data-custom-animations=\"true\" data-ca-options='{\"triggerHandler\":\"inview\",\"animationTarget\":\".lqd-lines > .split-inner\",\"duration\":\"1800\",\"delay\":\"80\",\"ease\":\"power4.out\",\"direction\":\"forward\",\"initValues\":{\"opacity\":0},\"animations\":{\"opacity\":1}}'>  rys. Robert Parzychowski<\/p><\/div>[\/vc_column][\/vc_row]<\/p>\n","protected":false},"excerpt":{"rendered":"<p>[vc_row content_placement=&#8221;middle&#8221; bg_position=&#8221;right bottom&#8221; responsive_css=&#8221;padding_top_medium:70px|padding_bottom_medium:70px|padding_left_medium:4vw&#8221; css=&#8221;.vc_custom_1609873881074{padding-top: 50px !important;padding-bottom: 50px !important;background-position: 0 0 !important;background-repeat: no-repeat !important;}&#8221;][vc_column parallax=&#8221;yes&#8221; width=&#8221;1\/2&#8243; scale_from_x=&#8221;1&#8243; scale_from_y=&#8221;1&#8243; from_opacity=&#8221;1&#8243; scale_to_x=&#8221;1&#8243; scale_to_y=&#8221;1&#8243; to_opacity=&#8221;1&#8243; enable_overlay=&#8221;yes&#8221; bg_position=&#8221;center center&#8221; offset=&#8221;vc_col-md-4&#8243; responsive_css=&#8221;margin_bottom_medium:0px&#8221; css=&#8221;.vc_custom_1638649273200{margin-bottom: 40px !important;background-position: 0 0 !important;background-repeat: no-repeat !important;}&#8221;][\/vc_column][vc_column width=&#8221;1\/2&#8243;][vc_separator color=&#8221;custom&#8221; accent_color=&#8221;rgba(112,112,112,0.3)&#8221; css=&#8221;.vc_custom_1588697544183{margin-top: 0px !important;margin-bottom: 0.9em !important;}&#8221;][\/vc_column][\/vc_row]<\/p>\n","protected":false},"author":1,"featured_media":0,"parent":0,"menu_order":0,"comment_status":"closed","ping_status":"closed","template":"","meta":{"footnotes":""},"class_list":["post-13681","page","type-page","status-publish","hentry"],"yoast_head":"<!-- This site is optimized with the Yoast SEO plugin v26.7 - https:\/\/yoast.com\/wordpress\/plugins\/seo\/ -->\n<title>Tadeusz Wybult - FILMOWY P\u0141OCK<\/title>\n<meta name=\"robots\" content=\"index, follow, max-snippet:-1, max-image-preview:large, max-video-preview:-1\" \/>\n<link rel=\"canonical\" href=\"https:\/\/filmowyplock.pl\/?page_id=13681\" \/>\n<meta property=\"og:locale\" content=\"pl_PL\" \/>\n<meta property=\"og:type\" content=\"article\" \/>\n<meta property=\"og:title\" content=\"Tadeusz Wybult - FILMOWY P\u0141OCK\" \/>\n<meta property=\"og:description\" content=\"[vc_row content_placement=&#8221;middle&#8221; bg_position=&#8221;right bottom&#8221; responsive_css=&#8221;padding_top_medium:70px|padding_bottom_medium:70px|padding_left_medium:4vw&#8221; css=&#8221;.vc_custom_1609873881074{padding-top: 50px !important;padding-bottom: 50px !important;background-position: 0 0 !important;background-repeat: no-repeat !important;}&#8221;][vc_column parallax=&#8221;yes&#8221; width=&#8221;1\/2&#8243; scale_from_x=&#8221;1&#8243; scale_from_y=&#8221;1&#8243; from_opacity=&#8221;1&#8243; scale_to_x=&#8221;1&#8243; scale_to_y=&#8221;1&#8243; to_opacity=&#8221;1&#8243; enable_overlay=&#8221;yes&#8221; bg_position=&#8221;center center&#8221; offset=&#8221;vc_col-md-4&#8243; responsive_css=&#8221;margin_bottom_medium:0px&#8221; css=&#8221;.vc_custom_1638649273200{margin-bottom: 40px !important;background-position: 0 0 !important;background-repeat: no-repeat !important;}&#8221;][\/vc_column][vc_column width=&#8221;1\/2&#8243;][vc_separator color=&#8221;custom&#8221; accent_color=&#8221;rgba(112,112,112,0.3)&#8221; css=&#8221;.vc_custom_1588697544183{margin-top: 0px !important;margin-bottom: 0.9em !important;}&#8221;][\/vc_column][\/vc_row]\" \/>\n<meta property=\"og:url\" content=\"https:\/\/filmowyplock.pl\/?page_id=13681\" \/>\n<meta property=\"og:site_name\" content=\"FILMOWY P\u0141OCK\" \/>\n<meta property=\"article:modified_time\" content=\"2021-12-12T11:09:54+00:00\" \/>\n<meta property=\"og:image\" content=\"https:\/\/filmowyplock.pl\/wp-content\/uploads\/2021\/11\/7klasa_fp.jpg\" \/>\n\t<meta property=\"og:image:width\" content=\"1280\" \/>\n\t<meta property=\"og:image:height\" content=\"853\" \/>\n\t<meta property=\"og:image:type\" content=\"image\/jpeg\" \/>\n<meta name=\"twitter:card\" content=\"summary_large_image\" \/>\n<meta name=\"twitter:label1\" content=\"Szacowany czas czytania\" \/>\n\t<meta name=\"twitter:data1\" content=\"3 minuty\" \/>\n<script type=\"application\/ld+json\" class=\"yoast-schema-graph\">{\"@context\":\"https:\/\/schema.org\",\"@graph\":[{\"@type\":\"WebPage\",\"@id\":\"https:\/\/filmowyplock.pl\/?page_id=13681\",\"url\":\"https:\/\/filmowyplock.pl\/?page_id=13681\",\"name\":\"Tadeusz Wybult - FILMOWY P\u0141OCK\",\"isPartOf\":{\"@id\":\"https:\/\/filmowyplock.pl\/#website\"},\"datePublished\":\"2021-12-04T20:23:31+00:00\",\"dateModified\":\"2021-12-12T11:09:54+00:00\",\"breadcrumb\":{\"@id\":\"https:\/\/filmowyplock.pl\/?page_id=13681#breadcrumb\"},\"inLanguage\":\"pl-PL\",\"potentialAction\":[{\"@type\":\"ReadAction\",\"target\":[\"https:\/\/filmowyplock.pl\/?page_id=13681\"]}]},{\"@type\":\"BreadcrumbList\",\"@id\":\"https:\/\/filmowyplock.pl\/?page_id=13681#breadcrumb\",\"itemListElement\":[{\"@type\":\"ListItem\",\"position\":1,\"name\":\"Strona g\u0142\u00f3wna\",\"item\":\"https:\/\/filmowyplock.pl\/\"},{\"@type\":\"ListItem\",\"position\":2,\"name\":\"Tadeusz Wybult\"}]},{\"@type\":\"WebSite\",\"@id\":\"https:\/\/filmowyplock.pl\/#website\",\"url\":\"https:\/\/filmowyplock.pl\/\",\"name\":\"FILMOWY P\u0141OCK\",\"description\":\"Podr\u00f3\u017c po nakr\u0119conym mie\u015bcie\",\"publisher\":{\"@id\":\"https:\/\/filmowyplock.pl\/#organization\"},\"potentialAction\":[{\"@type\":\"SearchAction\",\"target\":{\"@type\":\"EntryPoint\",\"urlTemplate\":\"https:\/\/filmowyplock.pl\/?s={search_term_string}\"},\"query-input\":{\"@type\":\"PropertyValueSpecification\",\"valueRequired\":true,\"valueName\":\"search_term_string\"}}],\"inLanguage\":\"pl-PL\"},{\"@type\":\"Organization\",\"@id\":\"https:\/\/filmowyplock.pl\/#organization\",\"name\":\"Filmowy P\u0142ock\",\"url\":\"https:\/\/filmowyplock.pl\/\",\"logo\":{\"@type\":\"ImageObject\",\"inLanguage\":\"pl-PL\",\"@id\":\"https:\/\/filmowyplock.pl\/#\/schema\/logo\/image\/\",\"url\":\"https:\/\/filmowyplock.pl\/wp-content\/uploads\/2021\/11\/cropped-Untitled-1-copy.png\",\"contentUrl\":\"https:\/\/filmowyplock.pl\/wp-content\/uploads\/2021\/11\/cropped-Untitled-1-copy.png\",\"width\":512,\"height\":512,\"caption\":\"Filmowy P\u0142ock\"},\"image\":{\"@id\":\"https:\/\/filmowyplock.pl\/#\/schema\/logo\/image\/\"}}]}<\/script>\n<!-- \/ Yoast SEO plugin. -->","yoast_head_json":{"title":"Tadeusz Wybult - FILMOWY P\u0141OCK","robots":{"index":"index","follow":"follow","max-snippet":"max-snippet:-1","max-image-preview":"max-image-preview:large","max-video-preview":"max-video-preview:-1"},"canonical":"https:\/\/filmowyplock.pl\/?page_id=13681","og_locale":"pl_PL","og_type":"article","og_title":"Tadeusz Wybult - FILMOWY P\u0141OCK","og_description":"[vc_row content_placement=&#8221;middle&#8221; bg_position=&#8221;right bottom&#8221; responsive_css=&#8221;padding_top_medium:70px|padding_bottom_medium:70px|padding_left_medium:4vw&#8221; css=&#8221;.vc_custom_1609873881074{padding-top: 50px !important;padding-bottom: 50px !important;background-position: 0 0 !important;background-repeat: no-repeat !important;}&#8221;][vc_column parallax=&#8221;yes&#8221; width=&#8221;1\/2&#8243; scale_from_x=&#8221;1&#8243; scale_from_y=&#8221;1&#8243; from_opacity=&#8221;1&#8243; scale_to_x=&#8221;1&#8243; scale_to_y=&#8221;1&#8243; to_opacity=&#8221;1&#8243; enable_overlay=&#8221;yes&#8221; bg_position=&#8221;center center&#8221; offset=&#8221;vc_col-md-4&#8243; responsive_css=&#8221;margin_bottom_medium:0px&#8221; css=&#8221;.vc_custom_1638649273200{margin-bottom: 40px !important;background-position: 0 0 !important;background-repeat: no-repeat !important;}&#8221;][\/vc_column][vc_column width=&#8221;1\/2&#8243;][vc_separator color=&#8221;custom&#8221; accent_color=&#8221;rgba(112,112,112,0.3)&#8221; css=&#8221;.vc_custom_1588697544183{margin-top: 0px !important;margin-bottom: 0.9em !important;}&#8221;][\/vc_column][\/vc_row]","og_url":"https:\/\/filmowyplock.pl\/?page_id=13681","og_site_name":"FILMOWY P\u0141OCK","article_modified_time":"2021-12-12T11:09:54+00:00","og_image":[{"width":1280,"height":853,"url":"https:\/\/filmowyplock.pl\/wp-content\/uploads\/2021\/11\/7klasa_fp.jpg","type":"image\/jpeg"}],"twitter_card":"summary_large_image","twitter_misc":{"Szacowany czas czytania":"3 minuty"},"schema":{"@context":"https:\/\/schema.org","@graph":[{"@type":"WebPage","@id":"https:\/\/filmowyplock.pl\/?page_id=13681","url":"https:\/\/filmowyplock.pl\/?page_id=13681","name":"Tadeusz Wybult - FILMOWY P\u0141OCK","isPartOf":{"@id":"https:\/\/filmowyplock.pl\/#website"},"datePublished":"2021-12-04T20:23:31+00:00","dateModified":"2021-12-12T11:09:54+00:00","breadcrumb":{"@id":"https:\/\/filmowyplock.pl\/?page_id=13681#breadcrumb"},"inLanguage":"pl-PL","potentialAction":[{"@type":"ReadAction","target":["https:\/\/filmowyplock.pl\/?page_id=13681"]}]},{"@type":"BreadcrumbList","@id":"https:\/\/filmowyplock.pl\/?page_id=13681#breadcrumb","itemListElement":[{"@type":"ListItem","position":1,"name":"Strona g\u0142\u00f3wna","item":"https:\/\/filmowyplock.pl\/"},{"@type":"ListItem","position":2,"name":"Tadeusz Wybult"}]},{"@type":"WebSite","@id":"https:\/\/filmowyplock.pl\/#website","url":"https:\/\/filmowyplock.pl\/","name":"FILMOWY P\u0141OCK","description":"Podr\u00f3\u017c po nakr\u0119conym mie\u015bcie","publisher":{"@id":"https:\/\/filmowyplock.pl\/#organization"},"potentialAction":[{"@type":"SearchAction","target":{"@type":"EntryPoint","urlTemplate":"https:\/\/filmowyplock.pl\/?s={search_term_string}"},"query-input":{"@type":"PropertyValueSpecification","valueRequired":true,"valueName":"search_term_string"}}],"inLanguage":"pl-PL"},{"@type":"Organization","@id":"https:\/\/filmowyplock.pl\/#organization","name":"Filmowy P\u0142ock","url":"https:\/\/filmowyplock.pl\/","logo":{"@type":"ImageObject","inLanguage":"pl-PL","@id":"https:\/\/filmowyplock.pl\/#\/schema\/logo\/image\/","url":"https:\/\/filmowyplock.pl\/wp-content\/uploads\/2021\/11\/cropped-Untitled-1-copy.png","contentUrl":"https:\/\/filmowyplock.pl\/wp-content\/uploads\/2021\/11\/cropped-Untitled-1-copy.png","width":512,"height":512,"caption":"Filmowy P\u0142ock"},"image":{"@id":"https:\/\/filmowyplock.pl\/#\/schema\/logo\/image\/"}}]}},"_links":{"self":[{"href":"https:\/\/filmowyplock.pl\/index.php?rest_route=\/wp\/v2\/pages\/13681","targetHints":{"allow":["GET"]}}],"collection":[{"href":"https:\/\/filmowyplock.pl\/index.php?rest_route=\/wp\/v2\/pages"}],"about":[{"href":"https:\/\/filmowyplock.pl\/index.php?rest_route=\/wp\/v2\/types\/page"}],"author":[{"embeddable":true,"href":"https:\/\/filmowyplock.pl\/index.php?rest_route=\/wp\/v2\/users\/1"}],"replies":[{"embeddable":true,"href":"https:\/\/filmowyplock.pl\/index.php?rest_route=%2Fwp%2Fv2%2Fcomments&post=13681"}],"version-history":[{"count":3,"href":"https:\/\/filmowyplock.pl\/index.php?rest_route=\/wp\/v2\/pages\/13681\/revisions"}],"predecessor-version":[{"id":13908,"href":"https:\/\/filmowyplock.pl\/index.php?rest_route=\/wp\/v2\/pages\/13681\/revisions\/13908"}],"wp:attachment":[{"href":"https:\/\/filmowyplock.pl\/index.php?rest_route=%2Fwp%2Fv2%2Fmedia&parent=13681"}],"curies":[{"name":"wp","href":"https:\/\/api.w.org\/{rel}","templated":true}]}}